{"id":3178,"date":"2018-03-19T19:45:06","date_gmt":"2018-03-19T23:45:06","guid":{"rendered":"https:\/\/constructionsboivin.com\/news\/"},"modified":"2018-03-19T19:45:06","modified_gmt":"2018-03-19T23:45:06","slug":"news","status":"publish","type":"page","link":"https:\/\/constructionsboivin.com\/en\/news\/","title":{"rendered":"News"},"content":{"rendered":"","protected":false},"excerpt":{"rendered":"","protected":false},"author":2,"featured_media":0,"parent":0,"menu_order":30,"comment_status":"closed","ping_status":"closed","template":"","meta":{"_acf_changed":false,"footnotes":""},"class_list":["post-3178","page","type-page","status-publish","hentry"],"acf":[],"yoast_head":"<!-- This site is optimized with the Yoast SEO plugin v27.4 - https:\/\/yoast.com\/product\/yoast-seo-wordpress\/ -->\n<title>News - Constructions Boivin<\/title>\n<meta name=\"robots\" content=\"index, follow, max-snippet:-1, max-image-preview:large, max-video-preview:-1\" \/>\n<link rel=\"canonical\" href=\"https:\/\/constructionsboivin.com\/en\/news\/\" \/>\n<meta property=\"og:locale\" content=\"en_US\" \/>\n<meta property=\"og:type\" content=\"article\" \/>\n<meta property=\"og:title\" content=\"News - Constructions Boivin\" \/>\n<meta property=\"og:url\" content=\"https:\/\/constructionsboivin.com\/en\/news\/\" \/>\n<meta property=\"og:site_name\" content=\"Constructions Boivin\" \/>\n<meta property=\"article:publisher\" content=\"https:\/\/www.facebook.com\/lesconstructionsboivin\/\" \/>\n<meta property=\"og:image\" content=\"https:\/\/constructionsboivin.com\/wp-content\/uploads\/2018\/05\/Facebook-Boivin.jpg\" \/>\n\t<meta property=\"og:image:width\" content=\"1200\" \/>\n\t<meta property=\"og:image:height\" content=\"630\" \/>\n\t<meta property=\"og:image:type\" content=\"image\/jpeg\" \/>\n<meta name=\"twitter:card\" content=\"summary_large_image\" \/>\n<script type=\"application\/ld+json\" class=\"yoast-schema-graph\">{\"@context\":\"https:\\\/\\\/schema.org\",\"@graph\":[{\"@type\":\"WebPage\",\"@id\":\"https:\\\/\\\/constructionsboivin.com\\\/en\\\/news\\\/\",\"url\":\"https:\\\/\\\/constructionsboivin.com\\\/en\\\/news\\\/\",\"name\":\"News - Constructions Boivin\",\"isPartOf\":{\"@id\":\"https:\\\/\\\/constructionsboivin.com\\\/en\\\/#website\"},\"datePublished\":\"2018-03-19T23:45:06+00:00\",\"breadcrumb\":{\"@id\":\"https:\\\/\\\/constructionsboivin.com\\\/en\\\/news\\\/#breadcrumb\"},\"inLanguage\":\"en-CA\",\"potentialAction\":[{\"@type\":\"ReadAction\",\"target\":[\"https:\\\/\\\/constructionsboivin.com\\\/en\\\/news\\\/\"]}]},{\"@type\":\"BreadcrumbList\",\"@id\":\"https:\\\/\\\/constructionsboivin.com\\\/en\\\/news\\\/#breadcrumb\",\"itemListElement\":[{\"@type\":\"ListItem\",\"position\":1,\"name\":\"Accueil\",\"item\":\"https:\\\/\\\/constructionsboivin.com\\\/en\\\/\"},{\"@type\":\"ListItem\",\"position\":2,\"name\":\"News\"}]},{\"@type\":\"WebSite\",\"@id\":\"https:\\\/\\\/constructionsboivin.com\\\/en\\\/#website\",\"url\":\"https:\\\/\\\/constructionsboivin.com\\\/en\\\/\",\"name\":\"Constructions Boivin\",\"description\":\"Des g\u00e9n\u00e9rations de b\u00e2tisseurs\",\"potentialAction\":[{\"@type\":\"SearchAction\",\"target\":{\"@type\":\"EntryPoint\",\"urlTemplate\":\"https:\\\/\\\/constructionsboivin.com\\\/en\\\/?s={search_term_string}\"},\"query-input\":{\"@type\":\"PropertyValueSpecification\",\"valueRequired\":true,\"valueName\":\"search_term_string\"}}],\"inLanguage\":\"en-CA\"}]}<\/script>\n<!-- \/ Yoast SEO plugin. -->","yoast_head_json":{"title":"News - Constructions Boivin","robots":{"index":"index","follow":"follow","max-snippet":"max-snippet:-1","max-image-preview":"max-image-preview:large","max-video-preview":"max-video-preview:-1"},"canonical":"https:\/\/constructionsboivin.com\/en\/news\/","og_locale":"en_US","og_type":"article","og_title":"News - Constructions Boivin","og_url":"https:\/\/constructionsboivin.com\/en\/news\/","og_site_name":"Constructions Boivin","article_publisher":"https:\/\/www.facebook.com\/lesconstructionsboivin\/","og_image":[{"width":1200,"height":630,"url":"https:\/\/constructionsboivin.com\/wp-content\/uploads\/2018\/05\/Facebook-Boivin.jpg","type":"image\/jpeg"}],"twitter_card":"summary_large_image","schema":{"@context":"https:\/\/schema.org","@graph":[{"@type":"WebPage","@id":"https:\/\/constructionsboivin.com\/en\/news\/","url":"https:\/\/constructionsboivin.com\/en\/news\/","name":"News - Constructions Boivin","isPartOf":{"@id":"https:\/\/constructionsboivin.com\/en\/#website"},"datePublished":"2018-03-19T23:45:06+00:00","breadcrumb":{"@id":"https:\/\/constructionsboivin.com\/en\/news\/#breadcrumb"},"inLanguage":"en-CA","potentialAction":[{"@type":"ReadAction","target":["https:\/\/constructionsboivin.com\/en\/news\/"]}]},{"@type":"BreadcrumbList","@id":"https:\/\/constructionsboivin.com\/en\/news\/#breadcrumb","itemListElement":[{"@type":"ListItem","position":1,"name":"Accueil","item":"https:\/\/constructionsboivin.com\/en\/"},{"@type":"ListItem","position":2,"name":"News"}]},{"@type":"WebSite","@id":"https:\/\/constructionsboivin.com\/en\/#website","url":"https:\/\/constructionsboivin.com\/en\/","name":"Constructions Boivin","description":"Des g\u00e9n\u00e9rations de b\u00e2tisseurs","potentialAction":[{"@type":"SearchAction","target":{"@type":"EntryPoint","urlTemplate":"https:\/\/constructionsboivin.com\/en\/?s={search_term_string}"},"query-input":{"@type":"PropertyValueSpecification","valueRequired":true,"valueName":"search_term_string"}}],"inLanguage":"en-CA"}]}},"_links":{"self":[{"href":"https:\/\/constructionsboivin.com\/en\/wp-json\/wp\/v2\/pages\/3178","targetHints":{"allow":["GET"]}}],"collection":[{"href":"https:\/\/constructionsboivin.com\/en\/wp-json\/wp\/v2\/pages"}],"about":[{"href":"https:\/\/constructionsboivin.com\/en\/wp-json\/wp\/v2\/types\/page"}],"author":[{"embeddable":true,"href":"https:\/\/constructionsboivin.com\/en\/wp-json\/wp\/v2\/users\/2"}],"replies":[{"embeddable":true,"href":"https:\/\/constructionsboivin.com\/en\/wp-json\/wp\/v2\/comments?post=3178"}],"version-history":[{"count":0,"href":"https:\/\/constructionsboivin.com\/en\/wp-json\/wp\/v2\/pages\/3178\/revisions"}],"wp:attachment":[{"href":"https:\/\/constructionsboivin.com\/en\/wp-json\/wp\/v2\/media?parent=3178"}],"curies":[{"name":"wp","href":"https:\/\/api.w.org\/{rel}","templated":true}]}}