{"id":3186,"date":"2018-04-11T19:14:44","date_gmt":"2018-04-11T23:14:44","guid":{"rendered":"https:\/\/constructionsboivin.com\/details\/doors\/"},"modified":"2022-12-05T12:06:14","modified_gmt":"2022-12-05T17:06:14","slug":"doors","status":"publish","type":"page","link":"https:\/\/constructionsboivin.com\/en\/details\/doors\/","title":{"rendered":"Doors"},"content":{"rendered":"\n<h1>\n\t\t<a href=\"https:\/\/constructionsboivin.com\/en\/details\/\" title=\"Architectural Details\" target=\"_self\" rel=\"noopener\">\n\t\tArchitectural Details\n\t\t<\/a>\n\t<\/h1>\n\t\t\t\t<a\n\t\t\thref=\"https:\/\/constructionsboivin.com\/wp-content\/uploads\/2018\/04\/Priest-17-1.jpg\"\n\t\t\t\t\t\tdata-fancybox=\"images\" \n\t\t\ttitle=\"Priest-17\" \n\t\t\t\t\t\tdata-caption=\"\"\n\t\t\t\t\t\tdata-description=\"\" \n\t\t\titemprop=\"contentUrl\">\n\t\t\t<img loading=\"lazy\" decoding=\"async\" src=\"https:\/\/constructionsboivin.com\/wp-content\/uploads\/2018\/04\/Priest-17-1-225x300.jpg\" alt=\"\" data-no-lazy=\"1\" itemprop=\"thumbnail\" width=\"225\" height=\"300\" \/>\n\t\t\t<!-- Overlay Wrapper -->\n\t\t\t <!-- Overlay Wrapper Closed -->\n\t\t\t\t<\/a>\n\t\t\t\t\t\t\t<meta itemprop=\"width\" content=\"225\" \/>\n\t\t\t<meta itemprop=\"height\" content=\"300\" \/>\n\t\t\t\t<a\n\t\t\thref=\"https:\/\/constructionsboivin.com\/wp-content\/uploads\/2018\/04\/Bromont-72-HDR-web.jpg\"\n\t\t\t\t\t\tdata-fancybox=\"images\" \n\t\t\ttitle=\"Bromont-72-HDR-web\" \n\t\t\t\t\t\tdata-caption=\"\"\n\t\t\t\t\t\tdata-description=\"\" \n\t\t\titemprop=\"contentUrl\">\n\t\t\t<img loading=\"lazy\" decoding=\"async\" src=\"https:\/\/constructionsboivin.com\/wp-content\/uploads\/2018\/04\/Bromont-72-HDR-web-300x223.jpg\" alt=\"\" data-no-lazy=\"1\" itemprop=\"thumbnail\" width=\"300\" height=\"223\" \/>\n\t\t\t<!-- Overlay Wrapper -->\n\t\t\t <!-- Overlay Wrapper Closed -->\n\t\t\t\t<\/a>\n\t\t\t\t\t\t\t<meta itemprop=\"width\" content=\"300\" \/>\n\t\t\t<meta itemprop=\"height\" content=\"223\" \/>\n\t\t\t\t<a\n\t\t\thref=\"https:\/\/constructionsboivin.com\/wp-content\/uploads\/2018\/04\/PierreBoivin-77-1.jpg\"\n\t\t\t\t\t\tdata-fancybox=\"images\" \n\t\t\ttitle=\"PierreBoivin-77\" \n\t\t\t\t\t\tdata-caption=\"\"\n\t\t\t\t\t\tdata-description=\"\" \n\t\t\titemprop=\"contentUrl\">\n\t\t\t<img loading=\"lazy\" decoding=\"async\" src=\"https:\/\/constructionsboivin.com\/wp-content\/uploads\/2018\/04\/PierreBoivin-77-1-166x300.jpg\" alt=\"\" data-no-lazy=\"1\" itemprop=\"thumbnail\" width=\"166\" height=\"300\" \/>\n\t\t\t<!-- Overlay Wrapper -->\n\t\t\t <!-- Overlay Wrapper Closed -->\n\t\t\t\t<\/a>\n\t\t\t\t\t\t\t<meta itemprop=\"width\" content=\"166\" \/>\n\t\t\t<meta itemprop=\"height\" content=\"300\" \/>\n\t\t\t\t<a\n\t\t\thref=\"https:\/\/constructionsboivin.com\/wp-content\/uploads\/2018\/04\/PierreBoivin-298.jpg\"\n\t\t\t\t\t\tdata-fancybox=\"images\" \n\t\t\ttitle=\"PierreBoivin-298\" \n\t\t\t\t\t\tdata-caption=\"\"\n\t\t\t\t\t\tdata-description=\"\" \n\t\t\titemprop=\"contentUrl\">\n\t\t\t<img loading=\"lazy\" decoding=\"async\" src=\"https:\/\/constructionsboivin.com\/wp-content\/uploads\/2018\/04\/PierreBoivin-298-300x104.jpg\" alt=\"\" data-no-lazy=\"1\" itemprop=\"thumbnail\" width=\"300\" height=\"104\" \/>\n\t\t\t<!-- Overlay Wrapper -->\n\t\t\t <!-- Overlay Wrapper Closed -->\n\t\t\t\t<\/a>\n\t\t\t\t\t\t\t<meta itemprop=\"width\" content=\"300\" \/>\n\t\t\t<meta itemprop=\"height\" content=\"104\" \/>\n\t\t\t\t<a\n\t\t\thref=\"https:\/\/constructionsboivin.com\/wp-content\/uploads\/2018\/04\/Shefford-11.jpg\"\n\t\t\t\t\t\tdata-fancybox=\"images\" \n\t\t\ttitle=\"Shefford-11\" \n\t\t\t\t\t\tdata-caption=\"\"\n\t\t\t\t\t\tdata-description=\"\" \n\t\t\titemprop=\"contentUrl\">\n\t\t\t<img loading=\"lazy\" decoding=\"async\" src=\"https:\/\/constructionsboivin.com\/wp-content\/uploads\/2018\/04\/Shefford-11-300x200.jpg\" alt=\"\" data-no-lazy=\"1\" itemprop=\"thumbnail\" width=\"300\" height=\"200\" \/>\n\t\t\t<!-- Overlay Wrapper -->\n\t\t\t <!-- Overlay Wrapper Closed -->\n\t\t\t\t<\/a>\n\t\t\t\t\t\t\t<meta itemprop=\"width\" content=\"300\" \/>\n\t\t\t<meta itemprop=\"height\" content=\"200\" \/>\n\t\t\t\t<a\n\t\t\thref=\"https:\/\/constructionsboivin.com\/wp-content\/uploads\/2018\/04\/PierreBoivin-28-2-1.jpg\"\n\t\t\t\t\t\tdata-fancybox=\"images\" \n\t\t\ttitle=\"PierreBoivin-28-2\" \n\t\t\t\t\t\tdata-caption=\"\"\n\t\t\t\t\t\tdata-description=\"\" \n\t\t\titemprop=\"contentUrl\">\n\t\t\t<img loading=\"lazy\" decoding=\"async\" src=\"https:\/\/constructionsboivin.com\/wp-content\/uploads\/2018\/04\/PierreBoivin-28-2-1-300x200.jpg\" alt=\"\" data-no-lazy=\"1\" itemprop=\"thumbnail\" width=\"300\" height=\"200\" \/>\n\t\t\t<!-- Overlay Wrapper -->\n\t\t\t <!-- Overlay Wrapper Closed -->\n\t\t\t\t<\/a>\n\t\t\t\t\t\t\t<meta itemprop=\"width\" content=\"300\" \/>\n\t\t\t<meta itemprop=\"height\" content=\"200\" \/>\n\t\t\t\t<a\n\t\t\thref=\"https:\/\/constructionsboivin.com\/wp-content\/uploads\/2018\/04\/Elie-40.jpg\"\n\t\t\t\t\t\tdata-fancybox=\"images\" \n\t\t\ttitle=\"Elie-40\" \n\t\t\t\t\t\tdata-caption=\"\"\n\t\t\t\t\t\tdata-description=\"\" \n\t\t\titemprop=\"contentUrl\">\n\t\t\t<img loading=\"lazy\" decoding=\"async\" src=\"https:\/\/constructionsboivin.com\/wp-content\/uploads\/2018\/04\/Elie-40-240x300.jpg\" alt=\"\" data-no-lazy=\"1\" itemprop=\"thumbnail\" width=\"240\" height=\"300\" \/>\n\t\t\t<!-- Overlay Wrapper -->\n\t\t\t <!-- Overlay Wrapper Closed -->\n\t\t\t\t<\/a>\n\t\t\t\t\t\t\t<meta itemprop=\"width\" content=\"240\" \/>\n\t\t\t<meta itemprop=\"height\" content=\"300\" \/>\n\t\t\t\t<a\n\t\t\thref=\"https:\/\/constructionsboivin.com\/wp-content\/uploads\/2018\/04\/Elie-19-crop.jpg\"\n\t\t\t\t\t\tdata-fancybox=\"images\" \n\t\t\ttitle=\"Elie-19-crop\" \n\t\t\t\t\t\tdata-caption=\"\"\n\t\t\t\t\t\tdata-description=\"\" \n\t\t\titemprop=\"contentUrl\">\n\t\t\t<img loading=\"lazy\" decoding=\"async\" src=\"https:\/\/constructionsboivin.com\/wp-content\/uploads\/2018\/04\/Elie-19-crop-260x300.jpg\" alt=\"\" data-no-lazy=\"1\" itemprop=\"thumbnail\" width=\"260\" height=\"300\" \/>\n\t\t\t<!-- Overlay Wrapper -->\n\t\t\t <!-- Overlay Wrapper Closed -->\n\t\t\t\t<\/a>\n\t\t\t\t\t\t\t<meta itemprop=\"width\" content=\"260\" \/>\n\t\t\t<meta itemprop=\"height\" content=\"300\" \/>\n\t\t\t\t<a\n\t\t\thref=\"https:\/\/constructionsboivin.com\/wp-content\/uploads\/2018\/04\/Shefford-26.jpg\"\n\t\t\t\t\t\tdata-fancybox=\"images\" \n\t\t\ttitle=\"Shefford-26\" \n\t\t\t\t\t\tdata-caption=\"\"\n\t\t\t\t\t\tdata-description=\"\" \n\t\t\titemprop=\"contentUrl\">\n\t\t\t<img loading=\"lazy\" decoding=\"async\" src=\"https:\/\/constructionsboivin.com\/wp-content\/uploads\/2018\/04\/Shefford-26-300x167.jpg\" alt=\"\" data-no-lazy=\"1\" itemprop=\"thumbnail\" width=\"300\" height=\"167\" \/>\n\t\t\t<!-- Overlay Wrapper -->\n\t\t\t <!-- Overlay Wrapper Closed -->\n\t\t\t\t<\/a>\n\t\t\t\t\t\t\t<meta itemprop=\"width\" content=\"300\" \/>\n\t\t\t<meta itemprop=\"height\" content=\"167\" \/>\n\t\t\t\t<a\n\t\t\thref=\"https:\/\/constructionsboivin.com\/wp-content\/uploads\/2018\/04\/Elie-42.jpg\"\n\t\t\t\t\t\tdata-fancybox=\"images\" \n\t\t\ttitle=\"Elie-42\" \n\t\t\t\t\t\tdata-caption=\"\"\n\t\t\t\t\t\tdata-description=\"\" \n\t\t\titemprop=\"contentUrl\">\n\t\t\t<img loading=\"lazy\" decoding=\"async\" src=\"https:\/\/constructionsboivin.com\/wp-content\/uploads\/2018\/04\/Elie-42-300x200.jpg\" alt=\"\" data-no-lazy=\"1\" itemprop=\"thumbnail\" width=\"300\" height=\"200\" \/>\n\t\t\t<!-- Overlay Wrapper -->\n\t\t\t <!-- Overlay Wrapper Closed -->\n\t\t\t\t<\/a>\n\t\t\t\t\t\t\t<meta itemprop=\"width\" content=\"300\" \/>\n\t\t\t<meta itemprop=\"height\" content=\"200\" \/>\n\t\t\t\t<a\n\t\t\thref=\"https:\/\/constructionsboivin.com\/wp-content\/uploads\/2018\/04\/Austin-123-sur-129-1.jpg\"\n\t\t\t\t\t\tdata-fancybox=\"images\" \n\t\t\ttitle=\"Austin-123-sur-129\" \n\t\t\t\t\t\tdata-caption=\"\"\n\t\t\t\t\t\tdata-description=\"\" \n\t\t\titemprop=\"contentUrl\">\n\t\t\t<img loading=\"lazy\" decoding=\"async\" src=\"https:\/\/constructionsboivin.com\/wp-content\/uploads\/2018\/04\/Austin-123-sur-129-1-300x210.jpg\" alt=\"\" data-no-lazy=\"1\" itemprop=\"thumbnail\" width=\"300\" height=\"210\" \/>\n\t\t\t<!-- Overlay Wrapper -->\n\t\t\t <!-- Overlay Wrapper Closed -->\n\t\t\t\t<\/a>\n\t\t\t\t\t\t\t<meta itemprop=\"width\" content=\"300\" \/>\n\t\t\t<meta itemprop=\"height\" content=\"210\" \/>\n\t\t\t\t<a\n\t\t\thref=\"https:\/\/constructionsboivin.com\/wp-content\/uploads\/2018\/04\/PierreBoivin-164.jpg\"\n\t\t\t\t\t\tdata-fancybox=\"images\" \n\t\t\ttitle=\"PierreBoivin-164\" \n\t\t\t\t\t\tdata-caption=\"\"\n\t\t\t\t\t\tdata-description=\"\" \n\t\t\titemprop=\"contentUrl\">\n\t\t\t<img loading=\"lazy\" decoding=\"async\" src=\"https:\/\/constructionsboivin.com\/wp-content\/uploads\/2018\/04\/PierreBoivin-164-300x200.jpg\" alt=\"\" data-no-lazy=\"1\" itemprop=\"thumbnail\" width=\"300\" height=\"200\" \/>\n\t\t\t<!-- Overlay Wrapper -->\n\t\t\t <!-- Overlay Wrapper Closed -->\n\t\t\t\t<\/a>\n\t\t\t\t\t\t\t<meta itemprop=\"width\" content=\"300\" \/>\n\t\t\t<meta itemprop=\"height\" content=\"200\" \/>\n\t\t\t\t<a\n\t\t\thref=\"https:\/\/constructionsboivin.com\/wp-content\/uploads\/2018\/04\/Priest-11-1.jpg\"\n\t\t\t\t\t\tdata-fancybox=\"images\" \n\t\t\ttitle=\"Priest-11\" \n\t\t\t\t\t\tdata-caption=\"\"\n\t\t\t\t\t\tdata-description=\"\" \n\t\t\titemprop=\"contentUrl\">\n\t\t\t<img loading=\"lazy\" decoding=\"async\" src=\"https:\/\/constructionsboivin.com\/wp-content\/uploads\/2018\/04\/Priest-11-1-300x200.jpg\" alt=\"\" data-no-lazy=\"1\" itemprop=\"thumbnail\" width=\"300\" height=\"200\" \/>\n\t\t\t<!-- Overlay Wrapper -->\n\t\t\t <!-- Overlay Wrapper Closed -->\n\t\t\t\t<\/a>\n\t\t\t\t\t\t\t<meta itemprop=\"width\" content=\"300\" \/>\n\t\t\t<meta itemprop=\"height\" content=\"200\" \/>\n\t\t\t\t<a\n\t\t\thref=\"https:\/\/constructionsboivin.com\/wp-content\/uploads\/2018\/04\/Priest-2-1.jpg\"\n\t\t\t\t\t\tdata-fancybox=\"images\" \n\t\t\ttitle=\"Priest-2\" \n\t\t\t\t\t\tdata-caption=\"\"\n\t\t\t\t\t\tdata-description=\"\" \n\t\t\titemprop=\"contentUrl\">\n\t\t\t<img loading=\"lazy\" decoding=\"async\" src=\"https:\/\/constructionsboivin.com\/wp-content\/uploads\/2018\/04\/Priest-2-1-300x132.jpg\" alt=\"\" data-no-lazy=\"1\" itemprop=\"thumbnail\" width=\"300\" height=\"132\" \/>\n\t\t\t<!-- Overlay Wrapper -->\n\t\t\t <!-- Overlay Wrapper Closed -->\n\t\t\t\t<\/a>\n\t\t\t\t\t\t\t<meta itemprop=\"width\" content=\"300\" \/>\n\t\t\t<meta itemprop=\"height\" content=\"132\" \/>\n\t\t\t\t<a\n\t\t\thref=\"https:\/\/constructionsboivin.com\/wp-content\/uploads\/2018\/04\/Austin2_-22.jpg\"\n\t\t\t\t\t\tdata-fancybox=\"images\" \n\t\t\ttitle=\"Austin2_-22\" \n\t\t\t\t\t\tdata-caption=\"\"\n\t\t\t\t\t\tdata-description=\"\" \n\t\t\titemprop=\"contentUrl\">\n\t\t\t<img loading=\"lazy\" decoding=\"async\" src=\"https:\/\/constructionsboivin.com\/wp-content\/uploads\/2018\/04\/Austin2_-22-300x200.jpg\" alt=\"\" data-no-lazy=\"1\" itemprop=\"thumbnail\" width=\"300\" height=\"200\" \/>\n\t\t\t<!-- Overlay Wrapper -->\n\t\t\t <!-- Overlay Wrapper Closed -->\n\t\t\t\t<\/a>\n\t\t\t\t\t\t\t<meta itemprop=\"width\" content=\"300\" \/>\n\t\t\t<meta itemprop=\"height\" content=\"200\" \/>\n\t\t\t\t<a\n\t\t\thref=\"https:\/\/constructionsboivin.com\/wp-content\/uploads\/2018\/04\/Rosenberry-49.jpg\"\n\t\t\t\t\t\tdata-fancybox=\"images\" \n\t\t\ttitle=\"Rosenberry-49\" \n\t\t\t\t\t\tdata-caption=\"\"\n\t\t\t\t\t\tdata-description=\"\" \n\t\t\titemprop=\"contentUrl\">\n\t\t\t<img loading=\"lazy\" decoding=\"async\" src=\"https:\/\/constructionsboivin.com\/wp-content\/uploads\/2018\/04\/Rosenberry-49-300x200.jpg\" alt=\"\" data-no-lazy=\"1\" itemprop=\"thumbnail\" width=\"300\" height=\"200\" \/>\n\t\t\t<!-- Overlay Wrapper -->\n\t\t\t <!-- Overlay Wrapper Closed -->\n\t\t\t\t<\/a>\n\t\t\t\t\t\t\t<meta itemprop=\"width\" content=\"300\" \/>\n\t\t\t<meta itemprop=\"height\" content=\"200\" \/>\n\t\n","protected":false},"excerpt":{"rendered":"<p>Architectural Details<\/p>\n","protected":false},"author":2,"featured_media":0,"parent":3184,"menu_order":0,"comment_status":"closed","ping_status":"closed","template":"","meta":{"_acf_changed":false,"footnotes":""},"class_list":["post-3186","page","type-page","status-publish","hentry"],"acf":[],"yoast_head":"<!-- This site is optimized with the Yoast SEO plugin v27.3 - https:\/\/yoast.com\/product\/yoast-seo-wordpress\/ -->\n<title>Doors - Constructions Boivin<\/title>\n<meta name=\"robots\" content=\"index, follow, max-snippet:-1, max-image-preview:large, max-video-preview:-1\" \/>\n<link rel=\"canonical\" href=\"https:\/\/constructionsboivin.com\/en\/details\/doors\/\" \/>\n<meta property=\"og:locale\" content=\"en_US\" \/>\n<meta property=\"og:type\" content=\"article\" \/>\n<meta property=\"og:title\" content=\"Doors - Constructions Boivin\" \/>\n<meta property=\"og:description\" content=\"Architectural Details\" \/>\n<meta property=\"og:url\" content=\"https:\/\/constructionsboivin.com\/en\/details\/doors\/\" \/>\n<meta property=\"og:site_name\" content=\"Constructions Boivin\" \/>\n<meta property=\"article:publisher\" content=\"https:\/\/www.facebook.com\/lesconstructionsboivin\/\" \/>\n<meta property=\"article:modified_time\" content=\"2022-12-05T17:06:14+00:00\" \/>\n<meta property=\"og:image\" content=\"https:\/\/constructionsboivin.com\/wp-content\/uploads\/2018\/04\/Priest-17-1-225x300.jpg\" \/>\n<meta name=\"twitter:card\" content=\"summary_large_image\" \/>\n<script type=\"application\/ld+json\" class=\"yoast-schema-graph\">{\"@context\":\"https:\\\/\\\/schema.org\",\"@graph\":[{\"@type\":\"WebPage\",\"@id\":\"https:\\\/\\\/constructionsboivin.com\\\/en\\\/details\\\/doors\\\/\",\"url\":\"https:\\\/\\\/constructionsboivin.com\\\/en\\\/details\\\/doors\\\/\",\"name\":\"Doors - Constructions Boivin\",\"isPartOf\":{\"@id\":\"https:\\\/\\\/constructionsboivin.com\\\/en\\\/#website\"},\"primaryImageOfPage\":{\"@id\":\"https:\\\/\\\/constructionsboivin.com\\\/en\\\/details\\\/doors\\\/#primaryimage\"},\"image\":{\"@id\":\"https:\\\/\\\/constructionsboivin.com\\\/en\\\/details\\\/doors\\\/#primaryimage\"},\"thumbnailUrl\":\"https:\\\/\\\/constructionsboivin.com\\\/wp-content\\\/uploads\\\/2018\\\/04\\\/Priest-17-1-225x300.jpg\",\"datePublished\":\"2018-04-11T23:14:44+00:00\",\"dateModified\":\"2022-12-05T17:06:14+00:00\",\"breadcrumb\":{\"@id\":\"https:\\\/\\\/constructionsboivin.com\\\/en\\\/details\\\/doors\\\/#breadcrumb\"},\"inLanguage\":\"en-CA\",\"potentialAction\":[{\"@type\":\"ReadAction\",\"target\":[\"https:\\\/\\\/constructionsboivin.com\\\/en\\\/details\\\/doors\\\/\"]}]},{\"@type\":\"ImageObject\",\"inLanguage\":\"en-CA\",\"@id\":\"https:\\\/\\\/constructionsboivin.com\\\/en\\\/details\\\/doors\\\/#primaryimage\",\"url\":\"https:\\\/\\\/constructionsboivin.com\\\/wp-content\\\/uploads\\\/2018\\\/04\\\/Priest-17-1-225x300.jpg\",\"contentUrl\":\"https:\\\/\\\/constructionsboivin.com\\\/wp-content\\\/uploads\\\/2018\\\/04\\\/Priest-17-1-225x300.jpg\"},{\"@type\":\"BreadcrumbList\",\"@id\":\"https:\\\/\\\/constructionsboivin.com\\\/en\\\/details\\\/doors\\\/#breadcrumb\",\"itemListElement\":[{\"@type\":\"ListItem\",\"position\":1,\"name\":\"Accueil\",\"item\":\"https:\\\/\\\/constructionsboivin.com\\\/en\\\/\"},{\"@type\":\"ListItem\",\"position\":2,\"name\":\"Details\",\"item\":\"https:\\\/\\\/constructionsboivin.com\\\/en\\\/details\\\/\"},{\"@type\":\"ListItem\",\"position\":3,\"name\":\"Doors\"}]},{\"@type\":\"WebSite\",\"@id\":\"https:\\\/\\\/constructionsboivin.com\\\/en\\\/#website\",\"url\":\"https:\\\/\\\/constructionsboivin.com\\\/en\\\/\",\"name\":\"Constructions Boivin\",\"description\":\"Des g\u00e9n\u00e9rations de b\u00e2tisseurs\",\"potentialAction\":[{\"@type\":\"SearchAction\",\"target\":{\"@type\":\"EntryPoint\",\"urlTemplate\":\"https:\\\/\\\/constructionsboivin.com\\\/en\\\/?s={search_term_string}\"},\"query-input\":{\"@type\":\"PropertyValueSpecification\",\"valueRequired\":true,\"valueName\":\"search_term_string\"}}],\"inLanguage\":\"en-CA\"}]}<\/script>\n<!-- \/ Yoast SEO plugin. -->","yoast_head_json":{"title":"Doors - Constructions Boivin","robots":{"index":"index","follow":"follow","max-snippet":"max-snippet:-1","max-image-preview":"max-image-preview:large","max-video-preview":"max-video-preview:-1"},"canonical":"https:\/\/constructionsboivin.com\/en\/details\/doors\/","og_locale":"en_US","og_type":"article","og_title":"Doors - Constructions Boivin","og_description":"Architectural Details","og_url":"https:\/\/constructionsboivin.com\/en\/details\/doors\/","og_site_name":"Constructions Boivin","article_publisher":"https:\/\/www.facebook.com\/lesconstructionsboivin\/","article_modified_time":"2022-12-05T17:06:14+00:00","og_image":[{"url":"https:\/\/constructionsboivin.com\/wp-content\/uploads\/2018\/04\/Priest-17-1-225x300.jpg","type":"","width":"","height":""}],"twitter_card":"summary_large_image","schema":{"@context":"https:\/\/schema.org","@graph":[{"@type":"WebPage","@id":"https:\/\/constructionsboivin.com\/en\/details\/doors\/","url":"https:\/\/constructionsboivin.com\/en\/details\/doors\/","name":"Doors - Constructions Boivin","isPartOf":{"@id":"https:\/\/constructionsboivin.com\/en\/#website"},"primaryImageOfPage":{"@id":"https:\/\/constructionsboivin.com\/en\/details\/doors\/#primaryimage"},"image":{"@id":"https:\/\/constructionsboivin.com\/en\/details\/doors\/#primaryimage"},"thumbnailUrl":"https:\/\/constructionsboivin.com\/wp-content\/uploads\/2018\/04\/Priest-17-1-225x300.jpg","datePublished":"2018-04-11T23:14:44+00:00","dateModified":"2022-12-05T17:06:14+00:00","breadcrumb":{"@id":"https:\/\/constructionsboivin.com\/en\/details\/doors\/#breadcrumb"},"inLanguage":"en-CA","potentialAction":[{"@type":"ReadAction","target":["https:\/\/constructionsboivin.com\/en\/details\/doors\/"]}]},{"@type":"ImageObject","inLanguage":"en-CA","@id":"https:\/\/constructionsboivin.com\/en\/details\/doors\/#primaryimage","url":"https:\/\/constructionsboivin.com\/wp-content\/uploads\/2018\/04\/Priest-17-1-225x300.jpg","contentUrl":"https:\/\/constructionsboivin.com\/wp-content\/uploads\/2018\/04\/Priest-17-1-225x300.jpg"},{"@type":"BreadcrumbList","@id":"https:\/\/constructionsboivin.com\/en\/details\/doors\/#breadcrumb","itemListElement":[{"@type":"ListItem","position":1,"name":"Accueil","item":"https:\/\/constructionsboivin.com\/en\/"},{"@type":"ListItem","position":2,"name":"Details","item":"https:\/\/constructionsboivin.com\/en\/details\/"},{"@type":"ListItem","position":3,"name":"Doors"}]},{"@type":"WebSite","@id":"https:\/\/constructionsboivin.com\/en\/#website","url":"https:\/\/constructionsboivin.com\/en\/","name":"Constructions Boivin","description":"Des g\u00e9n\u00e9rations de b\u00e2tisseurs","potentialAction":[{"@type":"SearchAction","target":{"@type":"EntryPoint","urlTemplate":"https:\/\/constructionsboivin.com\/en\/?s={search_term_string}"},"query-input":{"@type":"PropertyValueSpecification","valueRequired":true,"valueName":"search_term_string"}}],"inLanguage":"en-CA"}]}},"_links":{"self":[{"href":"https:\/\/constructionsboivin.com\/en\/wp-json\/wp\/v2\/pages\/3186","targetHints":{"allow":["GET"]}}],"collection":[{"href":"https:\/\/constructionsboivin.com\/en\/wp-json\/wp\/v2\/pages"}],"about":[{"href":"https:\/\/constructionsboivin.com\/en\/wp-json\/wp\/v2\/types\/page"}],"author":[{"embeddable":true,"href":"https:\/\/constructionsboivin.com\/en\/wp-json\/wp\/v2\/users\/2"}],"replies":[{"embeddable":true,"href":"https:\/\/constructionsboivin.com\/en\/wp-json\/wp\/v2\/comments?post=3186"}],"version-history":[{"count":3,"href":"https:\/\/constructionsboivin.com\/en\/wp-json\/wp\/v2\/pages\/3186\/revisions"}],"predecessor-version":[{"id":3236,"href":"https:\/\/constructionsboivin.com\/en\/wp-json\/wp\/v2\/pages\/3186\/revisions\/3236"}],"up":[{"embeddable":true,"href":"https:\/\/constructionsboivin.com\/en\/wp-json\/wp\/v2\/pages\/3184"}],"wp:attachment":[{"href":"https:\/\/constructionsboivin.com\/en\/wp-json\/wp\/v2\/media?parent=3186"}],"curies":[{"name":"wp","href":"https:\/\/api.w.org\/{rel}","templated":true}]}}