{"id":3189,"date":"2018-03-19T19:46:44","date_gmt":"2018-03-19T23:46:44","guid":{"rendered":"https:\/\/constructionsboivin.com\/details\/bathrooms\/"},"modified":"2022-12-05T12:05:13","modified_gmt":"2022-12-05T17:05:13","slug":"bathrooms","status":"publish","type":"page","link":"https:\/\/constructionsboivin.com\/en\/details\/bathrooms\/","title":{"rendered":"Bathrooms"},"content":{"rendered":"\n<h1>\n\t\t<a href=\"https:\/\/constructionsboivin.com\/en\/details\/\" title=\"Architectural Details\" target=\"_self\" rel=\"noopener\">\n\t\tArchitectural Details\n\t\t<\/a>\n\t<\/h1>\n\t\t\t\t<a\n\t\t\thref=\"https:\/\/constructionsboivin.com\/wp-content\/uploads\/2018\/04\/West-Brome-45.jpg\"\n\t\t\t\t\t\tdata-fancybox=\"images\" \n\t\t\ttitle=\"West-Brome-45\" \n\t\t\t\t\t\tdata-caption=\"\"\n\t\t\t\t\t\tdata-description=\"\" \n\t\t\titemprop=\"contentUrl\">\n\t\t\t<img loading=\"lazy\" decoding=\"async\" src=\"https:\/\/constructionsboivin.com\/wp-content\/uploads\/2018\/04\/West-Brome-45-226x300.jpg\" alt=\"\" data-no-lazy=\"1\" itemprop=\"thumbnail\" width=\"226\" height=\"300\" \/>\n\t\t\t<!-- Overlay Wrapper -->\n\t\t\t <!-- Overlay Wrapper Closed -->\n\t\t\t\t<\/a>\n\t\t\t\t\t\t\t<meta itemprop=\"width\" content=\"226\" \/>\n\t\t\t<meta itemprop=\"height\" content=\"300\" \/>\n\t\t\t\t<a\n\t\t\thref=\"https:\/\/constructionsboivin.com\/wp-content\/uploads\/2018\/04\/West-Brome-57.jpg\"\n\t\t\t\t\t\tdata-fancybox=\"images\" \n\t\t\ttitle=\"West-Brome-57\" \n\t\t\t\t\t\tdata-caption=\"\"\n\t\t\t\t\t\tdata-description=\"\" \n\t\t\titemprop=\"contentUrl\">\n\t\t\t<img loading=\"lazy\" decoding=\"async\" src=\"https:\/\/constructionsboivin.com\/wp-content\/uploads\/2018\/04\/West-Brome-57-200x300.jpg\" alt=\"\" data-no-lazy=\"1\" itemprop=\"thumbnail\" width=\"200\" height=\"300\" \/>\n\t\t\t<!-- Overlay Wrapper -->\n\t\t\t <!-- Overlay Wrapper Closed -->\n\t\t\t\t<\/a>\n\t\t\t\t\t\t\t<meta itemprop=\"width\" content=\"200\" \/>\n\t\t\t<meta itemprop=\"height\" content=\"300\" \/>\n\t\t\t\t<a\n\t\t\thref=\"https:\/\/constructionsboivin.com\/wp-content\/uploads\/2018\/04\/Georgeville-59.jpg\"\n\t\t\t\t\t\tdata-fancybox=\"images\" \n\t\t\ttitle=\"Georgeville-59\" \n\t\t\t\t\t\tdata-caption=\"\"\n\t\t\t\t\t\tdata-description=\"\" \n\t\t\titemprop=\"contentUrl\">\n\t\t\t<img loading=\"lazy\" decoding=\"async\" src=\"https:\/\/constructionsboivin.com\/wp-content\/uploads\/2018\/04\/Georgeville-59-300x270.jpg\" alt=\"\" data-no-lazy=\"1\" itemprop=\"thumbnail\" width=\"300\" height=\"270\" \/>\n\t\t\t<!-- Overlay Wrapper -->\n\t\t\t <!-- Overlay Wrapper Closed -->\n\t\t\t\t<\/a>\n\t\t\t\t\t\t\t<meta itemprop=\"width\" content=\"300\" \/>\n\t\t\t<meta itemprop=\"height\" content=\"270\" \/>\n\t\t\t\t<a\n\t\t\thref=\"https:\/\/constructionsboivin.com\/wp-content\/uploads\/2018\/04\/Shefford-9.jpg\"\n\t\t\t\t\t\tdata-fancybox=\"images\" \n\t\t\ttitle=\"Shefford-9\" \n\t\t\t\t\t\tdata-caption=\"\"\n\t\t\t\t\t\tdata-description=\"\" \n\t\t\titemprop=\"contentUrl\">\n\t\t\t<img loading=\"lazy\" decoding=\"async\" src=\"https:\/\/constructionsboivin.com\/wp-content\/uploads\/2018\/04\/Shefford-9-275x300.jpg\" alt=\"\" data-no-lazy=\"1\" itemprop=\"thumbnail\" width=\"275\" height=\"300\" \/>\n\t\t\t<!-- Overlay Wrapper -->\n\t\t\t <!-- Overlay Wrapper Closed -->\n\t\t\t\t<\/a>\n\t\t\t\t\t\t\t<meta itemprop=\"width\" content=\"275\" \/>\n\t\t\t<meta itemprop=\"height\" content=\"300\" \/>\n\t\t\t\t<a\n\t\t\thref=\"https:\/\/constructionsboivin.com\/wp-content\/uploads\/2018\/04\/Trois-Rivieres-117.jpg\"\n\t\t\t\t\t\tdata-fancybox=\"images\" \n\t\t\ttitle=\"Trois-Rivieres-117\" \n\t\t\t\t\t\tdata-caption=\"\"\n\t\t\t\t\t\tdata-description=\"\" \n\t\t\titemprop=\"contentUrl\">\n\t\t\t<img loading=\"lazy\" decoding=\"async\" src=\"https:\/\/constructionsboivin.com\/wp-content\/uploads\/2018\/04\/Trois-Rivieres-117-235x300.jpg\" alt=\"\" data-no-lazy=\"1\" itemprop=\"thumbnail\" width=\"235\" height=\"300\" \/>\n\t\t\t<!-- Overlay Wrapper -->\n\t\t\t <!-- Overlay Wrapper Closed -->\n\t\t\t\t<\/a>\n\t\t\t\t\t\t\t<meta itemprop=\"width\" content=\"235\" \/>\n\t\t\t<meta itemprop=\"height\" content=\"300\" \/>\n\t\t\t\t<a\n\t\t\thref=\"https:\/\/constructionsboivin.com\/wp-content\/uploads\/2018\/04\/Elie-64.jpg\"\n\t\t\t\t\t\tdata-fancybox=\"images\" \n\t\t\ttitle=\"Elie-64\" \n\t\t\t\t\t\tdata-caption=\"\"\n\t\t\t\t\t\tdata-description=\"\" \n\t\t\titemprop=\"contentUrl\">\n\t\t\t<img loading=\"lazy\" decoding=\"async\" src=\"https:\/\/constructionsboivin.com\/wp-content\/uploads\/2018\/04\/Elie-64-300x200.jpg\" alt=\"\" data-no-lazy=\"1\" itemprop=\"thumbnail\" width=\"300\" height=\"200\" \/>\n\t\t\t<!-- Overlay Wrapper -->\n\t\t\t <!-- Overlay Wrapper Closed -->\n\t\t\t\t<\/a>\n\t\t\t\t\t\t\t<meta itemprop=\"width\" content=\"300\" \/>\n\t\t\t<meta itemprop=\"height\" content=\"200\" \/>\n\t\t\t\t<a\n\t\t\thref=\"https:\/\/constructionsboivin.com\/wp-content\/uploads\/2018\/04\/Mansonville-4.jpg\"\n\t\t\t\t\t\tdata-fancybox=\"images\" \n\t\t\ttitle=\"Mansonville-4\" \n\t\t\t\t\t\tdata-caption=\"\"\n\t\t\t\t\t\tdata-description=\"\" \n\t\t\titemprop=\"contentUrl\">\n\t\t\t<img loading=\"lazy\" decoding=\"async\" src=\"https:\/\/constructionsboivin.com\/wp-content\/uploads\/2018\/04\/Mansonville-4-300x200.jpg\" alt=\"\" data-no-lazy=\"1\" itemprop=\"thumbnail\" width=\"300\" height=\"200\" \/>\n\t\t\t<!-- Overlay Wrapper -->\n\t\t\t <!-- Overlay Wrapper Closed -->\n\t\t\t\t<\/a>\n\t\t\t\t\t\t\t<meta itemprop=\"width\" content=\"300\" \/>\n\t\t\t<meta itemprop=\"height\" content=\"200\" \/>\n\t\t\t\t<a\n\t\t\thref=\"https:\/\/constructionsboivin.com\/wp-content\/uploads\/2018\/04\/Georgeville-42.jpg\"\n\t\t\t\t\t\tdata-fancybox=\"images\" \n\t\t\ttitle=\"Georgeville-42\" \n\t\t\t\t\t\tdata-caption=\"\"\n\t\t\t\t\t\tdata-description=\"\" \n\t\t\titemprop=\"contentUrl\">\n\t\t\t<img loading=\"lazy\" decoding=\"async\" src=\"https:\/\/constructionsboivin.com\/wp-content\/uploads\/2018\/04\/Georgeville-42-300x200.jpg\" alt=\"\" data-no-lazy=\"1\" itemprop=\"thumbnail\" width=\"300\" height=\"200\" \/>\n\t\t\t<!-- Overlay Wrapper -->\n\t\t\t <!-- Overlay Wrapper Closed -->\n\t\t\t\t<\/a>\n\t\t\t\t\t\t\t<meta itemprop=\"width\" content=\"300\" \/>\n\t\t\t<meta itemprop=\"height\" content=\"200\" \/>\n\t\t\t\t<a\n\t\t\thref=\"https:\/\/constructionsboivin.com\/wp-content\/uploads\/2018\/04\/Elie-54v2.jpg\"\n\t\t\t\t\t\tdata-fancybox=\"images\" \n\t\t\ttitle=\"Elie-54v2\" \n\t\t\t\t\t\tdata-caption=\"\"\n\t\t\t\t\t\tdata-description=\"\" \n\t\t\titemprop=\"contentUrl\">\n\t\t\t<img loading=\"lazy\" decoding=\"async\" src=\"https:\/\/constructionsboivin.com\/wp-content\/uploads\/2018\/04\/Elie-54v2-300x200.jpg\" alt=\"\" data-no-lazy=\"1\" itemprop=\"thumbnail\" width=\"300\" height=\"200\" \/>\n\t\t\t<!-- Overlay Wrapper -->\n\t\t\t <!-- Overlay Wrapper Closed -->\n\t\t\t\t<\/a>\n\t\t\t\t\t\t\t<meta itemprop=\"width\" content=\"300\" \/>\n\t\t\t<meta itemprop=\"height\" content=\"200\" \/>\n\t\t\t\t<a\n\t\t\thref=\"https:\/\/constructionsboivin.com\/wp-content\/uploads\/2018\/04\/St-Jean-sur-Richelieu-47.jpg\"\n\t\t\t\t\t\tdata-fancybox=\"images\" \n\t\t\ttitle=\"St-Jean-sur-Richelieu-47\" \n\t\t\t\t\t\tdata-caption=\"\"\n\t\t\t\t\t\tdata-description=\"\" \n\t\t\titemprop=\"contentUrl\">\n\t\t\t<img loading=\"lazy\" decoding=\"async\" src=\"https:\/\/constructionsboivin.com\/wp-content\/uploads\/2018\/04\/St-Jean-sur-Richelieu-47-300x200.jpg\" alt=\"\" data-no-lazy=\"1\" itemprop=\"thumbnail\" width=\"300\" height=\"200\" \/>\n\t\t\t<!-- Overlay Wrapper -->\n\t\t\t <!-- Overlay Wrapper Closed -->\n\t\t\t\t<\/a>\n\t\t\t\t\t\t\t<meta itemprop=\"width\" content=\"300\" \/>\n\t\t\t<meta itemprop=\"height\" content=\"200\" \/>\n\t\t\t\t<a\n\t\t\thref=\"https:\/\/constructionsboivin.com\/wp-content\/uploads\/2018\/04\/Austin-46-sur-129.jpg\"\n\t\t\t\t\t\tdata-fancybox=\"images\" \n\t\t\ttitle=\"Austin-46-sur-129\" \n\t\t\t\t\t\tdata-caption=\"\"\n\t\t\t\t\t\tdata-description=\"\" \n\t\t\titemprop=\"contentUrl\">\n\t\t\t<img loading=\"lazy\" decoding=\"async\" src=\"https:\/\/constructionsboivin.com\/wp-content\/uploads\/2018\/04\/Austin-46-sur-129-300x221.jpg\" alt=\"\" data-no-lazy=\"1\" itemprop=\"thumbnail\" width=\"300\" height=\"221\" \/>\n\t\t\t<!-- Overlay Wrapper -->\n\t\t\t <!-- Overlay Wrapper Closed -->\n\t\t\t\t<\/a>\n\t\t\t\t\t\t\t<meta itemprop=\"width\" content=\"300\" \/>\n\t\t\t<meta itemprop=\"height\" content=\"221\" \/>\n\t\t\t\t<a\n\t\t\thref=\"https:\/\/constructionsboivin.com\/wp-content\/uploads\/2018\/04\/Rosenberry-60.jpg\"\n\t\t\t\t\t\tdata-fancybox=\"images\" \n\t\t\ttitle=\"Rosenberry-60\" \n\t\t\t\t\t\tdata-caption=\"\"\n\t\t\t\t\t\tdata-description=\"\" \n\t\t\titemprop=\"contentUrl\">\n\t\t\t<img loading=\"lazy\" decoding=\"async\" src=\"https:\/\/constructionsboivin.com\/wp-content\/uploads\/2018\/04\/Rosenberry-60-300x200.jpg\" alt=\"\" data-no-lazy=\"1\" itemprop=\"thumbnail\" width=\"300\" height=\"200\" \/>\n\t\t\t<!-- Overlay Wrapper -->\n\t\t\t <!-- Overlay Wrapper Closed -->\n\t\t\t\t<\/a>\n\t\t\t\t\t\t\t<meta itemprop=\"width\" content=\"300\" \/>\n\t\t\t<meta itemprop=\"height\" content=\"200\" \/>\n\t\t\t\t<a\n\t\t\thref=\"https:\/\/constructionsboivin.com\/wp-content\/uploads\/2018\/04\/Rosenberry-131.jpg\"\n\t\t\t\t\t\tdata-fancybox=\"images\" \n\t\t\ttitle=\"Rosenberry-131\" \n\t\t\t\t\t\tdata-caption=\"\"\n\t\t\t\t\t\tdata-description=\"\" \n\t\t\titemprop=\"contentUrl\">\n\t\t\t<img loading=\"lazy\" decoding=\"async\" src=\"https:\/\/constructionsboivin.com\/wp-content\/uploads\/2018\/04\/Rosenberry-131-300x199.jpg\" alt=\"\" data-no-lazy=\"1\" itemprop=\"thumbnail\" width=\"300\" height=\"199\" \/>\n\t\t\t<!-- Overlay Wrapper -->\n\t\t\t <!-- Overlay Wrapper Closed -->\n\t\t\t\t<\/a>\n\t\t\t\t\t\t\t<meta itemprop=\"width\" content=\"300\" \/>\n\t\t\t<meta itemprop=\"height\" content=\"199\" \/>\n\t\n","protected":false},"excerpt":{"rendered":"<p>Architectural Details<\/p>\n","protected":false},"author":2,"featured_media":0,"parent":3184,"menu_order":23,"comment_status":"closed","ping_status":"closed","template":"","meta":{"_acf_changed":false,"footnotes":""},"class_list":["post-3189","page","type-page","status-publish","hentry"],"acf":[],"yoast_head":"<!-- This site is optimized with the Yoast SEO plugin v27.3 - https:\/\/yoast.com\/product\/yoast-seo-wordpress\/ -->\n<title>Bathrooms - Constructions Boivin<\/title>\n<meta name=\"robots\" content=\"index, follow, max-snippet:-1, max-image-preview:large, max-video-preview:-1\" \/>\n<link rel=\"canonical\" href=\"https:\/\/constructionsboivin.com\/en\/details\/bathrooms\/\" \/>\n<meta property=\"og:locale\" content=\"en_US\" \/>\n<meta property=\"og:type\" content=\"article\" \/>\n<meta property=\"og:title\" content=\"Bathrooms - Constructions Boivin\" \/>\n<meta property=\"og:description\" content=\"Architectural Details\" \/>\n<meta property=\"og:url\" content=\"https:\/\/constructionsboivin.com\/en\/details\/bathrooms\/\" \/>\n<meta property=\"og:site_name\" content=\"Constructions Boivin\" \/>\n<meta property=\"article:publisher\" content=\"https:\/\/www.facebook.com\/lesconstructionsboivin\/\" \/>\n<meta property=\"article:modified_time\" content=\"2022-12-05T17:05:13+00:00\" \/>\n<meta property=\"og:image\" content=\"https:\/\/constructionsboivin.com\/wp-content\/uploads\/2018\/04\/West-Brome-45-226x300.jpg\" \/>\n<meta name=\"twitter:card\" content=\"summary_large_image\" \/>\n<script type=\"application\/ld+json\" class=\"yoast-schema-graph\">{\"@context\":\"https:\\\/\\\/schema.org\",\"@graph\":[{\"@type\":\"WebPage\",\"@id\":\"https:\\\/\\\/constructionsboivin.com\\\/en\\\/details\\\/bathrooms\\\/\",\"url\":\"https:\\\/\\\/constructionsboivin.com\\\/en\\\/details\\\/bathrooms\\\/\",\"name\":\"Bathrooms - Constructions Boivin\",\"isPartOf\":{\"@id\":\"https:\\\/\\\/constructionsboivin.com\\\/en\\\/#website\"},\"primaryImageOfPage\":{\"@id\":\"https:\\\/\\\/constructionsboivin.com\\\/en\\\/details\\\/bathrooms\\\/#primaryimage\"},\"image\":{\"@id\":\"https:\\\/\\\/constructionsboivin.com\\\/en\\\/details\\\/bathrooms\\\/#primaryimage\"},\"thumbnailUrl\":\"https:\\\/\\\/constructionsboivin.com\\\/wp-content\\\/uploads\\\/2018\\\/04\\\/West-Brome-45-226x300.jpg\",\"datePublished\":\"2018-03-19T23:46:44+00:00\",\"dateModified\":\"2022-12-05T17:05:13+00:00\",\"breadcrumb\":{\"@id\":\"https:\\\/\\\/constructionsboivin.com\\\/en\\\/details\\\/bathrooms\\\/#breadcrumb\"},\"inLanguage\":\"en-CA\",\"potentialAction\":[{\"@type\":\"ReadAction\",\"target\":[\"https:\\\/\\\/constructionsboivin.com\\\/en\\\/details\\\/bathrooms\\\/\"]}]},{\"@type\":\"ImageObject\",\"inLanguage\":\"en-CA\",\"@id\":\"https:\\\/\\\/constructionsboivin.com\\\/en\\\/details\\\/bathrooms\\\/#primaryimage\",\"url\":\"https:\\\/\\\/constructionsboivin.com\\\/wp-content\\\/uploads\\\/2018\\\/04\\\/West-Brome-45-226x300.jpg\",\"contentUrl\":\"https:\\\/\\\/constructionsboivin.com\\\/wp-content\\\/uploads\\\/2018\\\/04\\\/West-Brome-45-226x300.jpg\"},{\"@type\":\"BreadcrumbList\",\"@id\":\"https:\\\/\\\/constructionsboivin.com\\\/en\\\/details\\\/bathrooms\\\/#breadcrumb\",\"itemListElement\":[{\"@type\":\"ListItem\",\"position\":1,\"name\":\"Accueil\",\"item\":\"https:\\\/\\\/constructionsboivin.com\\\/en\\\/\"},{\"@type\":\"ListItem\",\"position\":2,\"name\":\"Details\",\"item\":\"https:\\\/\\\/constructionsboivin.com\\\/en\\\/details\\\/\"},{\"@type\":\"ListItem\",\"position\":3,\"name\":\"Bathrooms\"}]},{\"@type\":\"WebSite\",\"@id\":\"https:\\\/\\\/constructionsboivin.com\\\/en\\\/#website\",\"url\":\"https:\\\/\\\/constructionsboivin.com\\\/en\\\/\",\"name\":\"Constructions Boivin\",\"description\":\"Des g\u00e9n\u00e9rations de b\u00e2tisseurs\",\"potentialAction\":[{\"@type\":\"SearchAction\",\"target\":{\"@type\":\"EntryPoint\",\"urlTemplate\":\"https:\\\/\\\/constructionsboivin.com\\\/en\\\/?s={search_term_string}\"},\"query-input\":{\"@type\":\"PropertyValueSpecification\",\"valueRequired\":true,\"valueName\":\"search_term_string\"}}],\"inLanguage\":\"en-CA\"}]}<\/script>\n<!-- \/ Yoast SEO plugin. -->","yoast_head_json":{"title":"Bathrooms - Constructions Boivin","robots":{"index":"index","follow":"follow","max-snippet":"max-snippet:-1","max-image-preview":"max-image-preview:large","max-video-preview":"max-video-preview:-1"},"canonical":"https:\/\/constructionsboivin.com\/en\/details\/bathrooms\/","og_locale":"en_US","og_type":"article","og_title":"Bathrooms - Constructions Boivin","og_description":"Architectural Details","og_url":"https:\/\/constructionsboivin.com\/en\/details\/bathrooms\/","og_site_name":"Constructions Boivin","article_publisher":"https:\/\/www.facebook.com\/lesconstructionsboivin\/","article_modified_time":"2022-12-05T17:05:13+00:00","og_image":[{"url":"https:\/\/constructionsboivin.com\/wp-content\/uploads\/2018\/04\/West-Brome-45-226x300.jpg","type":"","width":"","height":""}],"twitter_card":"summary_large_image","schema":{"@context":"https:\/\/schema.org","@graph":[{"@type":"WebPage","@id":"https:\/\/constructionsboivin.com\/en\/details\/bathrooms\/","url":"https:\/\/constructionsboivin.com\/en\/details\/bathrooms\/","name":"Bathrooms - Constructions Boivin","isPartOf":{"@id":"https:\/\/constructionsboivin.com\/en\/#website"},"primaryImageOfPage":{"@id":"https:\/\/constructionsboivin.com\/en\/details\/bathrooms\/#primaryimage"},"image":{"@id":"https:\/\/constructionsboivin.com\/en\/details\/bathrooms\/#primaryimage"},"thumbnailUrl":"https:\/\/constructionsboivin.com\/wp-content\/uploads\/2018\/04\/West-Brome-45-226x300.jpg","datePublished":"2018-03-19T23:46:44+00:00","dateModified":"2022-12-05T17:05:13+00:00","breadcrumb":{"@id":"https:\/\/constructionsboivin.com\/en\/details\/bathrooms\/#breadcrumb"},"inLanguage":"en-CA","potentialAction":[{"@type":"ReadAction","target":["https:\/\/constructionsboivin.com\/en\/details\/bathrooms\/"]}]},{"@type":"ImageObject","inLanguage":"en-CA","@id":"https:\/\/constructionsboivin.com\/en\/details\/bathrooms\/#primaryimage","url":"https:\/\/constructionsboivin.com\/wp-content\/uploads\/2018\/04\/West-Brome-45-226x300.jpg","contentUrl":"https:\/\/constructionsboivin.com\/wp-content\/uploads\/2018\/04\/West-Brome-45-226x300.jpg"},{"@type":"BreadcrumbList","@id":"https:\/\/constructionsboivin.com\/en\/details\/bathrooms\/#breadcrumb","itemListElement":[{"@type":"ListItem","position":1,"name":"Accueil","item":"https:\/\/constructionsboivin.com\/en\/"},{"@type":"ListItem","position":2,"name":"Details","item":"https:\/\/constructionsboivin.com\/en\/details\/"},{"@type":"ListItem","position":3,"name":"Bathrooms"}]},{"@type":"WebSite","@id":"https:\/\/constructionsboivin.com\/en\/#website","url":"https:\/\/constructionsboivin.com\/en\/","name":"Constructions Boivin","description":"Des g\u00e9n\u00e9rations de b\u00e2tisseurs","potentialAction":[{"@type":"SearchAction","target":{"@type":"EntryPoint","urlTemplate":"https:\/\/constructionsboivin.com\/en\/?s={search_term_string}"},"query-input":{"@type":"PropertyValueSpecification","valueRequired":true,"valueName":"search_term_string"}}],"inLanguage":"en-CA"}]}},"_links":{"self":[{"href":"https:\/\/constructionsboivin.com\/en\/wp-json\/wp\/v2\/pages\/3189","targetHints":{"allow":["GET"]}}],"collection":[{"href":"https:\/\/constructionsboivin.com\/en\/wp-json\/wp\/v2\/pages"}],"about":[{"href":"https:\/\/constructionsboivin.com\/en\/wp-json\/wp\/v2\/types\/page"}],"author":[{"embeddable":true,"href":"https:\/\/constructionsboivin.com\/en\/wp-json\/wp\/v2\/users\/2"}],"replies":[{"embeddable":true,"href":"https:\/\/constructionsboivin.com\/en\/wp-json\/wp\/v2\/comments?post=3189"}],"version-history":[{"count":3,"href":"https:\/\/constructionsboivin.com\/en\/wp-json\/wp\/v2\/pages\/3189\/revisions"}],"predecessor-version":[{"id":3233,"href":"https:\/\/constructionsboivin.com\/en\/wp-json\/wp\/v2\/pages\/3189\/revisions\/3233"}],"up":[{"embeddable":true,"href":"https:\/\/constructionsboivin.com\/en\/wp-json\/wp\/v2\/pages\/3184"}],"wp:attachment":[{"href":"https:\/\/constructionsboivin.com\/en\/wp-json\/wp\/v2\/media?parent=3189"}],"curies":[{"name":"wp","href":"https:\/\/api.w.org\/{rel}","templated":true}]}}