{"id":3192,"date":"2018-03-19T19:47:17","date_gmt":"2018-03-19T23:47:17","guid":{"rendered":"https:\/\/constructionsboivin.com\/details\/floors\/"},"modified":"2022-12-05T12:05:47","modified_gmt":"2022-12-05T17:05:47","slug":"floors","status":"publish","type":"page","link":"https:\/\/constructionsboivin.com\/en\/details\/floors\/","title":{"rendered":"Floors"},"content":{"rendered":"\n<h1>\n\t\t<a href=\"https:\/\/constructionsboivin.com\/en\/details\/\" title=\"Architectural Details\" target=\"_self\" rel=\"noopener\">\n\t\tArchitectural Details\n\t\t<\/a>\n\t<\/h1>\n\t\t\t\t<a\n\t\t\thref=\"https:\/\/constructionsboivin.com\/wp-content\/uploads\/2018\/04\/Priest-44.jpg\"\n\t\t\t\t\t\tdata-fancybox=\"images\" \n\t\t\ttitle=\"Priest-44\" \n\t\t\t\t\t\tdata-caption=\"\"\n\t\t\t\t\t\tdata-description=\"\" \n\t\t\titemprop=\"contentUrl\">\n\t\t\t<img loading=\"lazy\" decoding=\"async\" src=\"https:\/\/constructionsboivin.com\/wp-content\/uploads\/2018\/04\/Priest-44-300x188.jpg\" alt=\"\" data-no-lazy=\"1\" itemprop=\"thumbnail\" width=\"300\" height=\"188\" \/>\n\t\t\t<!-- Overlay Wrapper -->\n\t\t\t <!-- Overlay Wrapper Closed -->\n\t\t\t\t<\/a>\n\t\t\t\t\t\t\t<meta itemprop=\"width\" content=\"300\" \/>\n\t\t\t<meta itemprop=\"height\" content=\"188\" \/>\n\t\t\t\t<a\n\t\t\thref=\"https:\/\/constructionsboivin.com\/wp-content\/uploads\/2018\/04\/Priest-17.jpg\"\n\t\t\t\t\t\tdata-fancybox=\"images\" \n\t\t\ttitle=\"Priest-17\" \n\t\t\t\t\t\tdata-caption=\"\"\n\t\t\t\t\t\tdata-description=\"\" \n\t\t\titemprop=\"contentUrl\">\n\t\t\t<img loading=\"lazy\" decoding=\"async\" src=\"https:\/\/constructionsboivin.com\/wp-content\/uploads\/2018\/04\/Priest-17-225x300.jpg\" alt=\"\" data-no-lazy=\"1\" itemprop=\"thumbnail\" width=\"225\" height=\"300\" \/>\n\t\t\t<!-- Overlay Wrapper -->\n\t\t\t <!-- Overlay Wrapper Closed -->\n\t\t\t\t<\/a>\n\t\t\t\t\t\t\t<meta itemprop=\"width\" content=\"225\" \/>\n\t\t\t<meta itemprop=\"height\" content=\"300\" \/>\n\t\t\t\t<a\n\t\t\thref=\"https:\/\/constructionsboivin.com\/wp-content\/uploads\/2018\/04\/PierreBoivin-273.jpg\"\n\t\t\t\t\t\tdata-fancybox=\"images\" \n\t\t\ttitle=\"PierreBoivin-273\" \n\t\t\t\t\t\tdata-caption=\"\"\n\t\t\t\t\t\tdata-description=\"\" \n\t\t\titemprop=\"contentUrl\">\n\t\t\t<img loading=\"lazy\" decoding=\"async\" src=\"https:\/\/constructionsboivin.com\/wp-content\/uploads\/2018\/04\/PierreBoivin-273-300x187.jpg\" alt=\"\" data-no-lazy=\"1\" itemprop=\"thumbnail\" width=\"300\" height=\"187\" \/>\n\t\t\t<!-- Overlay Wrapper -->\n\t\t\t <!-- Overlay Wrapper Closed -->\n\t\t\t\t<\/a>\n\t\t\t\t\t\t\t<meta itemprop=\"width\" content=\"300\" \/>\n\t\t\t<meta itemprop=\"height\" content=\"187\" \/>\n\t\t\t\t<a\n\t\t\thref=\"https:\/\/constructionsboivin.com\/wp-content\/uploads\/2018\/04\/PierreBoivin-286-1.jpg\"\n\t\t\t\t\t\tdata-fancybox=\"images\" \n\t\t\ttitle=\"PierreBoivin-286\" \n\t\t\t\t\t\tdata-caption=\"\"\n\t\t\t\t\t\tdata-description=\"\" \n\t\t\titemprop=\"contentUrl\">\n\t\t\t<img loading=\"lazy\" decoding=\"async\" src=\"https:\/\/constructionsboivin.com\/wp-content\/uploads\/2018\/04\/PierreBoivin-286-1-300x200.jpg\" alt=\"\" data-no-lazy=\"1\" itemprop=\"thumbnail\" width=\"300\" height=\"200\" \/>\n\t\t\t<!-- Overlay Wrapper -->\n\t\t\t <!-- Overlay Wrapper Closed -->\n\t\t\t\t<\/a>\n\t\t\t\t\t\t\t<meta itemprop=\"width\" content=\"300\" \/>\n\t\t\t<meta itemprop=\"height\" content=\"200\" \/>\n\t\t\t\t<a\n\t\t\thref=\"https:\/\/constructionsboivin.com\/wp-content\/uploads\/2018\/04\/PierreBoivin-268-1.jpg\"\n\t\t\t\t\t\tdata-fancybox=\"images\" \n\t\t\ttitle=\"PierreBoivin-268\" \n\t\t\t\t\t\tdata-caption=\"\"\n\t\t\t\t\t\tdata-description=\"\" \n\t\t\titemprop=\"contentUrl\">\n\t\t\t<img loading=\"lazy\" decoding=\"async\" src=\"https:\/\/constructionsboivin.com\/wp-content\/uploads\/2018\/04\/PierreBoivin-268-1-300x187.jpg\" alt=\"\" data-no-lazy=\"1\" itemprop=\"thumbnail\" width=\"300\" height=\"187\" \/>\n\t\t\t<!-- Overlay Wrapper -->\n\t\t\t <!-- Overlay Wrapper Closed -->\n\t\t\t\t<\/a>\n\t\t\t\t\t\t\t<meta itemprop=\"width\" content=\"300\" \/>\n\t\t\t<meta itemprop=\"height\" content=\"187\" \/>\n\t\t\t\t<a\n\t\t\thref=\"https:\/\/constructionsboivin.com\/wp-content\/uploads\/2018\/04\/Austin-46-sur-129-1.jpg\"\n\t\t\t\t\t\tdata-fancybox=\"images\" \n\t\t\ttitle=\"Austin-46-sur-129\" \n\t\t\t\t\t\tdata-caption=\"\"\n\t\t\t\t\t\tdata-description=\"\" \n\t\t\titemprop=\"contentUrl\">\n\t\t\t<img loading=\"lazy\" decoding=\"async\" src=\"https:\/\/constructionsboivin.com\/wp-content\/uploads\/2018\/04\/Austin-46-sur-129-1-300x221.jpg\" alt=\"\" data-no-lazy=\"1\" itemprop=\"thumbnail\" width=\"300\" height=\"221\" \/>\n\t\t\t<!-- Overlay Wrapper -->\n\t\t\t <!-- Overlay Wrapper Closed -->\n\t\t\t\t<\/a>\n\t\t\t\t\t\t\t<meta itemprop=\"width\" content=\"300\" \/>\n\t\t\t<meta itemprop=\"height\" content=\"221\" \/>\n\t\t\t\t<a\n\t\t\thref=\"https:\/\/constructionsboivin.com\/wp-content\/uploads\/2018\/04\/eastman-51.jpg\"\n\t\t\t\t\t\tdata-fancybox=\"images\" \n\t\t\ttitle=\"eastman-51\" \n\t\t\t\t\t\tdata-caption=\"\"\n\t\t\t\t\t\tdata-description=\"\" \n\t\t\titemprop=\"contentUrl\">\n\t\t\t<img loading=\"lazy\" decoding=\"async\" src=\"https:\/\/constructionsboivin.com\/wp-content\/uploads\/2018\/04\/eastman-51-300x200.jpg\" alt=\"\" data-no-lazy=\"1\" itemprop=\"thumbnail\" width=\"300\" height=\"200\" \/>\n\t\t\t<!-- Overlay Wrapper -->\n\t\t\t <!-- Overlay Wrapper Closed -->\n\t\t\t\t<\/a>\n\t\t\t\t\t\t\t<meta itemprop=\"width\" content=\"300\" \/>\n\t\t\t<meta itemprop=\"height\" content=\"200\" \/>\n\t\t\t\t<a\n\t\t\thref=\"https:\/\/constructionsboivin.com\/wp-content\/uploads\/2018\/04\/Priest-26-1.jpg\"\n\t\t\t\t\t\tdata-fancybox=\"images\" \n\t\t\ttitle=\"Priest-26\" \n\t\t\t\t\t\tdata-caption=\"\"\n\t\t\t\t\t\tdata-description=\"\" \n\t\t\titemprop=\"contentUrl\">\n\t\t\t<img loading=\"lazy\" decoding=\"async\" src=\"https:\/\/constructionsboivin.com\/wp-content\/uploads\/2018\/04\/Priest-26-1-300x191.jpg\" alt=\"\" data-no-lazy=\"1\" itemprop=\"thumbnail\" width=\"300\" height=\"191\" \/>\n\t\t\t<!-- Overlay Wrapper -->\n\t\t\t <!-- Overlay Wrapper Closed -->\n\t\t\t\t<\/a>\n\t\t\t\t\t\t\t<meta itemprop=\"width\" content=\"300\" \/>\n\t\t\t<meta itemprop=\"height\" content=\"191\" \/>\n\t\t\t\t<a\n\t\t\thref=\"https:\/\/constructionsboivin.com\/wp-content\/uploads\/2018\/04\/Priest-45.jpg\"\n\t\t\t\t\t\tdata-fancybox=\"images\" \n\t\t\ttitle=\"Priest-45\" \n\t\t\t\t\t\tdata-caption=\"\"\n\t\t\t\t\t\tdata-description=\"\" \n\t\t\titemprop=\"contentUrl\">\n\t\t\t<img loading=\"lazy\" decoding=\"async\" src=\"https:\/\/constructionsboivin.com\/wp-content\/uploads\/2018\/04\/Priest-45-300x200.jpg\" alt=\"\" data-no-lazy=\"1\" itemprop=\"thumbnail\" width=\"300\" height=\"200\" \/>\n\t\t\t<!-- Overlay Wrapper -->\n\t\t\t <!-- Overlay Wrapper Closed -->\n\t\t\t\t<\/a>\n\t\t\t\t\t\t\t<meta itemprop=\"width\" content=\"300\" \/>\n\t\t\t<meta itemprop=\"height\" content=\"200\" \/>\n\t\t\t\t<a\n\t\t\thref=\"https:\/\/constructionsboivin.com\/wp-content\/uploads\/2018\/04\/eastman-42-1.jpg\"\n\t\t\t\t\t\tdata-fancybox=\"images\" \n\t\t\ttitle=\"eastman-42\" \n\t\t\t\t\t\tdata-caption=\"\"\n\t\t\t\t\t\tdata-description=\"\" \n\t\t\titemprop=\"contentUrl\">\n\t\t\t<img loading=\"lazy\" decoding=\"async\" src=\"https:\/\/constructionsboivin.com\/wp-content\/uploads\/2018\/04\/eastman-42-1-300x200.jpg\" alt=\"\" data-no-lazy=\"1\" itemprop=\"thumbnail\" width=\"300\" height=\"200\" \/>\n\t\t\t<!-- Overlay Wrapper -->\n\t\t\t <!-- Overlay Wrapper Closed -->\n\t\t\t\t<\/a>\n\t\t\t\t\t\t\t<meta itemprop=\"width\" content=\"300\" \/>\n\t\t\t<meta itemprop=\"height\" content=\"200\" \/>\n\t\t\t\t<a\n\t\t\thref=\"https:\/\/constructionsboivin.com\/wp-content\/uploads\/2022\/06\/Chemin-Escalade-31.jpg\"\n\t\t\t\t\t\tdata-fancybox=\"images\" \n\t\t\ttitle=\"Chemin-Escalade-31\" \n\t\t\t\t\t\tdata-caption=\"\"\n\t\t\t\t\t\tdata-description=\"\" \n\t\t\titemprop=\"contentUrl\">\n\t\t\t<img loading=\"lazy\" decoding=\"async\" src=\"https:\/\/constructionsboivin.com\/wp-content\/uploads\/2022\/06\/Chemin-Escalade-31-300x200.jpg\" alt=\"\" data-no-lazy=\"1\" itemprop=\"thumbnail\" width=\"300\" height=\"200\" \/>\n\t\t\t<!-- Overlay Wrapper -->\n\t\t\t <!-- Overlay Wrapper Closed -->\n\t\t\t\t<\/a>\n\t\t\t\t\t\t\t<meta itemprop=\"width\" content=\"300\" \/>\n\t\t\t<meta itemprop=\"height\" content=\"200\" \/>\n\t\t\t\t<a\n\t\t\thref=\"https:\/\/constructionsboivin.com\/wp-content\/uploads\/2018\/04\/Austin-25-sur-129.jpg\"\n\t\t\t\t\t\tdata-fancybox=\"images\" \n\t\t\ttitle=\"Austin-25-sur-129\" \n\t\t\t\t\t\tdata-caption=\"\"\n\t\t\t\t\t\tdata-description=\"\" \n\t\t\titemprop=\"contentUrl\">\n\t\t\t<img loading=\"lazy\" decoding=\"async\" src=\"https:\/\/constructionsboivin.com\/wp-content\/uploads\/2018\/04\/Austin-25-sur-129-300x231.jpg\" alt=\"\" data-no-lazy=\"1\" itemprop=\"thumbnail\" width=\"300\" height=\"231\" \/>\n\t\t\t<!-- Overlay Wrapper -->\n\t\t\t <!-- Overlay Wrapper Closed -->\n\t\t\t\t<\/a>\n\t\t\t\t\t\t\t<meta itemprop=\"width\" content=\"300\" \/>\n\t\t\t<meta itemprop=\"height\" content=\"231\" \/>\n\t\t\t\t<a\n\t\t\thref=\"https:\/\/constructionsboivin.com\/wp-content\/uploads\/2018\/04\/St-Jean-sur-Richelieu-20-1.jpg\"\n\t\t\t\t\t\tdata-fancybox=\"images\" \n\t\t\ttitle=\"St-Jean-sur-Richelieu-20\" \n\t\t\t\t\t\tdata-caption=\"\"\n\t\t\t\t\t\tdata-description=\"\" \n\t\t\titemprop=\"contentUrl\">\n\t\t\t<img loading=\"lazy\" decoding=\"async\" src=\"https:\/\/constructionsboivin.com\/wp-content\/uploads\/2018\/04\/St-Jean-sur-Richelieu-20-1-300x200.jpg\" alt=\"\" data-no-lazy=\"1\" itemprop=\"thumbnail\" width=\"300\" height=\"200\" \/>\n\t\t\t<!-- Overlay Wrapper -->\n\t\t\t <!-- Overlay Wrapper Closed -->\n\t\t\t\t<\/a>\n\t\t\t\t\t\t\t<meta itemprop=\"width\" content=\"300\" \/>\n\t\t\t<meta itemprop=\"height\" content=\"200\" \/>\n\t\t\t\t<a\n\t\t\thref=\"https:\/\/constructionsboivin.com\/wp-content\/uploads\/2018\/04\/Austin-92-sur-129-1.jpg\"\n\t\t\t\t\t\tdata-fancybox=\"images\" \n\t\t\ttitle=\"Austin-92-sur-129\" \n\t\t\t\t\t\tdata-caption=\"\"\n\t\t\t\t\t\tdata-description=\"\" \n\t\t\titemprop=\"contentUrl\">\n\t\t\t<img loading=\"lazy\" decoding=\"async\" src=\"https:\/\/constructionsboivin.com\/wp-content\/uploads\/2018\/04\/Austin-92-sur-129-1-300x200.jpg\" alt=\"\" data-no-lazy=\"1\" itemprop=\"thumbnail\" width=\"300\" height=\"200\" \/>\n\t\t\t<!-- Overlay Wrapper -->\n\t\t\t <!-- Overlay Wrapper Closed -->\n\t\t\t\t<\/a>\n\t\t\t\t\t\t\t<meta itemprop=\"width\" content=\"300\" \/>\n\t\t\t<meta itemprop=\"height\" content=\"200\" \/>\n\t\t\t\t<a\n\t\t\thref=\"https:\/\/constructionsboivin.com\/wp-content\/uploads\/2018\/04\/PierreBoivin-69.jpg\"\n\t\t\t\t\t\tdata-fancybox=\"images\" \n\t\t\ttitle=\"PierreBoivin-69\" \n\t\t\t\t\t\tdata-caption=\"\"\n\t\t\t\t\t\tdata-description=\"\" \n\t\t\titemprop=\"contentUrl\">\n\t\t\t<img loading=\"lazy\" decoding=\"async\" src=\"https:\/\/constructionsboivin.com\/wp-content\/uploads\/2018\/04\/PierreBoivin-69-300x200.jpg\" alt=\"\" data-no-lazy=\"1\" itemprop=\"thumbnail\" width=\"300\" height=\"200\" \/>\n\t\t\t<!-- Overlay Wrapper -->\n\t\t\t <!-- Overlay Wrapper Closed -->\n\t\t\t\t<\/a>\n\t\t\t\t\t\t\t<meta itemprop=\"width\" content=\"300\" \/>\n\t\t\t<meta itemprop=\"height\" content=\"200\" \/>\n\t\t\t\t<a\n\t\t\thref=\"https:\/\/constructionsboivin.com\/wp-content\/uploads\/2018\/04\/St-Jean-sur-Richelieu-9.jpg\"\n\t\t\t\t\t\tdata-fancybox=\"images\" \n\t\t\ttitle=\"St-Jean-sur-Richelieu-9\" \n\t\t\t\t\t\tdata-caption=\"\"\n\t\t\t\t\t\tdata-description=\"\" \n\t\t\titemprop=\"contentUrl\">\n\t\t\t<img loading=\"lazy\" decoding=\"async\" src=\"https:\/\/constructionsboivin.com\/wp-content\/uploads\/2018\/04\/St-Jean-sur-Richelieu-9-300x201.jpg\" alt=\"\" data-no-lazy=\"1\" itemprop=\"thumbnail\" width=\"300\" height=\"201\" \/>\n\t\t\t<!-- Overlay Wrapper -->\n\t\t\t <!-- Overlay Wrapper Closed -->\n\t\t\t\t<\/a>\n\t\t\t\t\t\t\t<meta itemprop=\"width\" content=\"300\" \/>\n\t\t\t<meta itemprop=\"height\" content=\"201\" \/>\n\t\t\t\t<a\n\t\t\thref=\"https:\/\/constructionsboivin.com\/wp-content\/uploads\/2018\/04\/Shefford-18-1.jpg\"\n\t\t\t\t\t\tdata-fancybox=\"images\" \n\t\t\ttitle=\"Shefford-18\" \n\t\t\t\t\t\tdata-caption=\"\"\n\t\t\t\t\t\tdata-description=\"\" \n\t\t\titemprop=\"contentUrl\">\n\t\t\t<img loading=\"lazy\" decoding=\"async\" src=\"https:\/\/constructionsboivin.com\/wp-content\/uploads\/2018\/04\/Shefford-18-1-300x189.jpg\" alt=\"\" data-no-lazy=\"1\" itemprop=\"thumbnail\" width=\"300\" height=\"189\" \/>\n\t\t\t<!-- Overlay Wrapper -->\n\t\t\t <!-- Overlay Wrapper Closed -->\n\t\t\t\t<\/a>\n\t\t\t\t\t\t\t<meta itemprop=\"width\" content=\"300\" \/>\n\t\t\t<meta itemprop=\"height\" content=\"189\" \/>\n\t\t\t\t<a\n\t\t\thref=\"https:\/\/constructionsboivin.com\/wp-content\/uploads\/2018\/04\/PierreBoivin-2.jpg\"\n\t\t\t\t\t\tdata-fancybox=\"images\" \n\t\t\ttitle=\"PierreBoivin-2\" \n\t\t\t\t\t\tdata-caption=\"\"\n\t\t\t\t\t\tdata-description=\"\" \n\t\t\titemprop=\"contentUrl\">\n\t\t\t<img loading=\"lazy\" decoding=\"async\" src=\"https:\/\/constructionsboivin.com\/wp-content\/uploads\/2018\/04\/PierreBoivin-2-200x300.jpg\" alt=\"\" data-no-lazy=\"1\" itemprop=\"thumbnail\" width=\"200\" height=\"300\" \/>\n\t\t\t<!-- Overlay Wrapper -->\n\t\t\t <!-- Overlay Wrapper Closed -->\n\t\t\t\t<\/a>\n\t\t\t\t\t\t\t<meta itemprop=\"width\" content=\"200\" \/>\n\t\t\t<meta itemprop=\"height\" content=\"300\" \/>\n\t\t\t\t<a\n\t\t\thref=\"https:\/\/constructionsboivin.com\/wp-content\/uploads\/2018\/04\/Austin-123-sur-129.jpg\"\n\t\t\t\t\t\tdata-fancybox=\"images\" \n\t\t\ttitle=\"Austin-123-sur-129\" \n\t\t\t\t\t\tdata-caption=\"\"\n\t\t\t\t\t\tdata-description=\"\" \n\t\t\titemprop=\"contentUrl\">\n\t\t\t<img loading=\"lazy\" decoding=\"async\" src=\"https:\/\/constructionsboivin.com\/wp-content\/uploads\/2018\/04\/Austin-123-sur-129-300x210.jpg\" alt=\"\" data-no-lazy=\"1\" itemprop=\"thumbnail\" width=\"300\" height=\"210\" \/>\n\t\t\t<!-- Overlay Wrapper -->\n\t\t\t <!-- Overlay Wrapper Closed -->\n\t\t\t\t<\/a>\n\t\t\t\t\t\t\t<meta itemprop=\"width\" content=\"300\" \/>\n\t\t\t<meta itemprop=\"height\" content=\"210\" \/>\n\t\t\t\t<a\n\t\t\thref=\"https:\/\/constructionsboivin.com\/wp-content\/uploads\/2018\/04\/eastman-25-1.jpg\"\n\t\t\t\t\t\tdata-fancybox=\"images\" \n\t\t\ttitle=\"eastman-25\" \n\t\t\t\t\t\tdata-caption=\"\"\n\t\t\t\t\t\tdata-description=\"\" \n\t\t\titemprop=\"contentUrl\">\n\t\t\t<img loading=\"lazy\" decoding=\"async\" src=\"https:\/\/constructionsboivin.com\/wp-content\/uploads\/2018\/04\/eastman-25-1-300x195.jpg\" alt=\"\" data-no-lazy=\"1\" itemprop=\"thumbnail\" width=\"300\" height=\"195\" \/>\n\t\t\t<!-- Overlay Wrapper -->\n\t\t\t <!-- Overlay Wrapper Closed -->\n\t\t\t\t<\/a>\n\t\t\t\t\t\t\t<meta itemprop=\"width\" content=\"300\" \/>\n\t\t\t<meta itemprop=\"height\" content=\"195\" \/>\n\t\t\t\t<a\n\t\t\thref=\"https:\/\/constructionsboivin.com\/wp-content\/uploads\/2018\/04\/Austin-121-sur-129.jpg\"\n\t\t\t\t\t\tdata-fancybox=\"images\" \n\t\t\ttitle=\"Austin-121-sur-129\" \n\t\t\t\t\t\tdata-caption=\"\"\n\t\t\t\t\t\tdata-description=\"\" \n\t\t\titemprop=\"contentUrl\">\n\t\t\t<img loading=\"lazy\" decoding=\"async\" src=\"https:\/\/constructionsboivin.com\/wp-content\/uploads\/2018\/04\/Austin-121-sur-129-300x276.jpg\" alt=\"\" data-no-lazy=\"1\" itemprop=\"thumbnail\" width=\"300\" height=\"276\" \/>\n\t\t\t<!-- Overlay Wrapper -->\n\t\t\t <!-- Overlay Wrapper Closed -->\n\t\t\t\t<\/a>\n\t\t\t\t\t\t\t<meta itemprop=\"width\" content=\"300\" \/>\n\t\t\t<meta itemprop=\"height\" content=\"276\" \/>\n\t\t\t\t<a\n\t\t\thref=\"https:\/\/constructionsboivin.com\/wp-content\/uploads\/2018\/04\/eastman-26-1.jpg\"\n\t\t\t\t\t\tdata-fancybox=\"images\" \n\t\t\ttitle=\"eastman-26\" \n\t\t\t\t\t\tdata-caption=\"\"\n\t\t\t\t\t\tdata-description=\"\" \n\t\t\titemprop=\"contentUrl\">\n\t\t\t<img loading=\"lazy\" decoding=\"async\" src=\"https:\/\/constructionsboivin.com\/wp-content\/uploads\/2018\/04\/eastman-26-1-300x194.jpg\" alt=\"\" data-no-lazy=\"1\" itemprop=\"thumbnail\" width=\"300\" height=\"194\" \/>\n\t\t\t<!-- Overlay Wrapper -->\n\t\t\t <!-- Overlay Wrapper Closed -->\n\t\t\t\t<\/a>\n\t\t\t\t\t\t\t<meta itemprop=\"width\" content=\"300\" \/>\n\t\t\t<meta itemprop=\"height\" content=\"194\" \/>\n\t\t\t\t<a\n\t\t\thref=\"https:\/\/constructionsboivin.com\/wp-content\/uploads\/2018\/04\/PierreBoivin-78-2.jpg\"\n\t\t\t\t\t\tdata-fancybox=\"images\" \n\t\t\ttitle=\"PierreBoivin-78\" \n\t\t\t\t\t\tdata-caption=\"\"\n\t\t\t\t\t\tdata-description=\"\" \n\t\t\titemprop=\"contentUrl\">\n\t\t\t<img loading=\"lazy\" decoding=\"async\" src=\"https:\/\/constructionsboivin.com\/wp-content\/uploads\/2018\/04\/PierreBoivin-78-2-300x200.jpg\" alt=\"\" data-no-lazy=\"1\" itemprop=\"thumbnail\" width=\"300\" height=\"200\" \/>\n\t\t\t<!-- Overlay Wrapper -->\n\t\t\t <!-- Overlay Wrapper Closed -->\n\t\t\t\t<\/a>\n\t\t\t\t\t\t\t<meta itemprop=\"width\" content=\"300\" \/>\n\t\t\t<meta itemprop=\"height\" content=\"200\" \/>\n\t\t\t\t<a\n\t\t\thref=\"https:\/\/constructionsboivin.com\/wp-content\/uploads\/2018\/04\/Austin-117-sur-129.jpg\"\n\t\t\t\t\t\tdata-fancybox=\"images\" \n\t\t\ttitle=\"Austin-117-sur-129\" \n\t\t\t\t\t\tdata-caption=\"\"\n\t\t\t\t\t\tdata-description=\"\" \n\t\t\titemprop=\"contentUrl\">\n\t\t\t<img loading=\"lazy\" decoding=\"async\" src=\"https:\/\/constructionsboivin.com\/wp-content\/uploads\/2018\/04\/Austin-117-sur-129-300x248.jpg\" alt=\"\" data-no-lazy=\"1\" itemprop=\"thumbnail\" width=\"300\" height=\"248\" \/>\n\t\t\t<!-- Overlay Wrapper -->\n\t\t\t <!-- Overlay Wrapper Closed -->\n\t\t\t\t<\/a>\n\t\t\t\t\t\t\t<meta itemprop=\"width\" content=\"300\" \/>\n\t\t\t<meta itemprop=\"height\" content=\"248\" \/>\n\t\t\t\t<a\n\t\t\thref=\"https:\/\/constructionsboivin.com\/wp-content\/uploads\/2018\/04\/Austin-27-sur-129.jpg\"\n\t\t\t\t\t\tdata-fancybox=\"images\" \n\t\t\ttitle=\"Austin-27-sur-129\" \n\t\t\t\t\t\tdata-caption=\"\"\n\t\t\t\t\t\tdata-description=\"\" \n\t\t\titemprop=\"contentUrl\">\n\t\t\t<img loading=\"lazy\" decoding=\"async\" src=\"https:\/\/constructionsboivin.com\/wp-content\/uploads\/2018\/04\/Austin-27-sur-129-300x202.jpg\" alt=\"\" data-no-lazy=\"1\" itemprop=\"thumbnail\" width=\"300\" height=\"202\" \/>\n\t\t\t<!-- Overlay Wrapper -->\n\t\t\t <!-- Overlay Wrapper Closed -->\n\t\t\t\t<\/a>\n\t\t\t\t\t\t\t<meta itemprop=\"width\" content=\"300\" \/>\n\t\t\t<meta itemprop=\"height\" content=\"202\" \/>\n\t\t\t\t<a\n\t\t\thref=\"https:\/\/constructionsboivin.com\/wp-content\/uploads\/2018\/04\/St-Jean-sur-Richelieu-4-1.jpg\"\n\t\t\t\t\t\tdata-fancybox=\"images\" \n\t\t\ttitle=\"St-Jean-sur-Richelieu-4\" \n\t\t\t\t\t\tdata-caption=\"\"\n\t\t\t\t\t\tdata-description=\"\" \n\t\t\titemprop=\"contentUrl\">\n\t\t\t<img loading=\"lazy\" decoding=\"async\" src=\"https:\/\/constructionsboivin.com\/wp-content\/uploads\/2018\/04\/St-Jean-sur-Richelieu-4-1-300x179.jpg\" alt=\"\" data-no-lazy=\"1\" itemprop=\"thumbnail\" width=\"300\" height=\"179\" \/>\n\t\t\t<!-- Overlay Wrapper -->\n\t\t\t <!-- Overlay Wrapper Closed -->\n\t\t\t\t<\/a>\n\t\t\t\t\t\t\t<meta itemprop=\"width\" content=\"300\" \/>\n\t\t\t<meta itemprop=\"height\" content=\"179\" \/>\n\t\n","protected":false},"excerpt":{"rendered":"<p>Architectural Details<\/p>\n","protected":false},"author":2,"featured_media":0,"parent":3184,"menu_order":25,"comment_status":"closed","ping_status":"closed","template":"","meta":{"_acf_changed":false,"footnotes":""},"class_list":["post-3192","page","type-page","status-publish","hentry"],"acf":[],"yoast_head":"<!-- This site is optimized with the Yoast SEO plugin v27.5 - https:\/\/yoast.com\/product\/yoast-seo-wordpress\/ -->\n<title>Floors - Constructions Boivin<\/title>\n<meta name=\"robots\" content=\"index, follow, max-snippet:-1, max-image-preview:large, max-video-preview:-1\" \/>\n<link rel=\"canonical\" href=\"https:\/\/constructionsboivin.com\/en\/details\/floors\/\" \/>\n<meta property=\"og:locale\" content=\"en_US\" \/>\n<meta property=\"og:type\" content=\"article\" \/>\n<meta property=\"og:title\" content=\"Floors - Constructions Boivin\" \/>\n<meta property=\"og:description\" content=\"Architectural Details\" \/>\n<meta property=\"og:url\" content=\"https:\/\/constructionsboivin.com\/en\/details\/floors\/\" \/>\n<meta property=\"og:site_name\" content=\"Constructions Boivin\" \/>\n<meta property=\"article:publisher\" content=\"https:\/\/www.facebook.com\/lesconstructionsboivin\/\" \/>\n<meta property=\"article:modified_time\" content=\"2022-12-05T17:05:47+00:00\" \/>\n<meta property=\"og:image\" content=\"https:\/\/constructionsboivin.com\/wp-content\/uploads\/2018\/04\/Priest-44-300x188.jpg\" \/>\n<meta name=\"twitter:card\" content=\"summary_large_image\" \/>\n<script type=\"application\/ld+json\" class=\"yoast-schema-graph\">{\"@context\":\"https:\\\/\\\/schema.org\",\"@graph\":[{\"@type\":\"WebPage\",\"@id\":\"https:\\\/\\\/constructionsboivin.com\\\/en\\\/details\\\/floors\\\/\",\"url\":\"https:\\\/\\\/constructionsboivin.com\\\/en\\\/details\\\/floors\\\/\",\"name\":\"Floors - Constructions Boivin\",\"isPartOf\":{\"@id\":\"https:\\\/\\\/constructionsboivin.com\\\/en\\\/#website\"},\"primaryImageOfPage\":{\"@id\":\"https:\\\/\\\/constructionsboivin.com\\\/en\\\/details\\\/floors\\\/#primaryimage\"},\"image\":{\"@id\":\"https:\\\/\\\/constructionsboivin.com\\\/en\\\/details\\\/floors\\\/#primaryimage\"},\"thumbnailUrl\":\"https:\\\/\\\/constructionsboivin.com\\\/wp-content\\\/uploads\\\/2018\\\/04\\\/Priest-44-300x188.jpg\",\"datePublished\":\"2018-03-19T23:47:17+00:00\",\"dateModified\":\"2022-12-05T17:05:47+00:00\",\"breadcrumb\":{\"@id\":\"https:\\\/\\\/constructionsboivin.com\\\/en\\\/details\\\/floors\\\/#breadcrumb\"},\"inLanguage\":\"en-CA\",\"potentialAction\":[{\"@type\":\"ReadAction\",\"target\":[\"https:\\\/\\\/constructionsboivin.com\\\/en\\\/details\\\/floors\\\/\"]}]},{\"@type\":\"ImageObject\",\"inLanguage\":\"en-CA\",\"@id\":\"https:\\\/\\\/constructionsboivin.com\\\/en\\\/details\\\/floors\\\/#primaryimage\",\"url\":\"https:\\\/\\\/constructionsboivin.com\\\/wp-content\\\/uploads\\\/2018\\\/04\\\/Priest-44-300x188.jpg\",\"contentUrl\":\"https:\\\/\\\/constructionsboivin.com\\\/wp-content\\\/uploads\\\/2018\\\/04\\\/Priest-44-300x188.jpg\"},{\"@type\":\"BreadcrumbList\",\"@id\":\"https:\\\/\\\/constructionsboivin.com\\\/en\\\/details\\\/floors\\\/#breadcrumb\",\"itemListElement\":[{\"@type\":\"ListItem\",\"position\":1,\"name\":\"Accueil\",\"item\":\"https:\\\/\\\/constructionsboivin.com\\\/en\\\/\"},{\"@type\":\"ListItem\",\"position\":2,\"name\":\"Details\",\"item\":\"https:\\\/\\\/constructionsboivin.com\\\/en\\\/details\\\/\"},{\"@type\":\"ListItem\",\"position\":3,\"name\":\"Floors\"}]},{\"@type\":\"WebSite\",\"@id\":\"https:\\\/\\\/constructionsboivin.com\\\/en\\\/#website\",\"url\":\"https:\\\/\\\/constructionsboivin.com\\\/en\\\/\",\"name\":\"Constructions Boivin\",\"description\":\"Des g\u00e9n\u00e9rations de b\u00e2tisseurs\",\"potentialAction\":[{\"@type\":\"SearchAction\",\"target\":{\"@type\":\"EntryPoint\",\"urlTemplate\":\"https:\\\/\\\/constructionsboivin.com\\\/en\\\/?s={search_term_string}\"},\"query-input\":{\"@type\":\"PropertyValueSpecification\",\"valueRequired\":true,\"valueName\":\"search_term_string\"}}],\"inLanguage\":\"en-CA\"}]}<\/script>\n<!-- \/ Yoast SEO plugin. -->","yoast_head_json":{"title":"Floors - Constructions Boivin","robots":{"index":"index","follow":"follow","max-snippet":"max-snippet:-1","max-image-preview":"max-image-preview:large","max-video-preview":"max-video-preview:-1"},"canonical":"https:\/\/constructionsboivin.com\/en\/details\/floors\/","og_locale":"en_US","og_type":"article","og_title":"Floors - Constructions Boivin","og_description":"Architectural Details","og_url":"https:\/\/constructionsboivin.com\/en\/details\/floors\/","og_site_name":"Constructions Boivin","article_publisher":"https:\/\/www.facebook.com\/lesconstructionsboivin\/","article_modified_time":"2022-12-05T17:05:47+00:00","og_image":[{"url":"https:\/\/constructionsboivin.com\/wp-content\/uploads\/2018\/04\/Priest-44-300x188.jpg","type":"","width":"","height":""}],"twitter_card":"summary_large_image","schema":{"@context":"https:\/\/schema.org","@graph":[{"@type":"WebPage","@id":"https:\/\/constructionsboivin.com\/en\/details\/floors\/","url":"https:\/\/constructionsboivin.com\/en\/details\/floors\/","name":"Floors - Constructions Boivin","isPartOf":{"@id":"https:\/\/constructionsboivin.com\/en\/#website"},"primaryImageOfPage":{"@id":"https:\/\/constructionsboivin.com\/en\/details\/floors\/#primaryimage"},"image":{"@id":"https:\/\/constructionsboivin.com\/en\/details\/floors\/#primaryimage"},"thumbnailUrl":"https:\/\/constructionsboivin.com\/wp-content\/uploads\/2018\/04\/Priest-44-300x188.jpg","datePublished":"2018-03-19T23:47:17+00:00","dateModified":"2022-12-05T17:05:47+00:00","breadcrumb":{"@id":"https:\/\/constructionsboivin.com\/en\/details\/floors\/#breadcrumb"},"inLanguage":"en-CA","potentialAction":[{"@type":"ReadAction","target":["https:\/\/constructionsboivin.com\/en\/details\/floors\/"]}]},{"@type":"ImageObject","inLanguage":"en-CA","@id":"https:\/\/constructionsboivin.com\/en\/details\/floors\/#primaryimage","url":"https:\/\/constructionsboivin.com\/wp-content\/uploads\/2018\/04\/Priest-44-300x188.jpg","contentUrl":"https:\/\/constructionsboivin.com\/wp-content\/uploads\/2018\/04\/Priest-44-300x188.jpg"},{"@type":"BreadcrumbList","@id":"https:\/\/constructionsboivin.com\/en\/details\/floors\/#breadcrumb","itemListElement":[{"@type":"ListItem","position":1,"name":"Accueil","item":"https:\/\/constructionsboivin.com\/en\/"},{"@type":"ListItem","position":2,"name":"Details","item":"https:\/\/constructionsboivin.com\/en\/details\/"},{"@type":"ListItem","position":3,"name":"Floors"}]},{"@type":"WebSite","@id":"https:\/\/constructionsboivin.com\/en\/#website","url":"https:\/\/constructionsboivin.com\/en\/","name":"Constructions Boivin","description":"Des g\u00e9n\u00e9rations de b\u00e2tisseurs","potentialAction":[{"@type":"SearchAction","target":{"@type":"EntryPoint","urlTemplate":"https:\/\/constructionsboivin.com\/en\/?s={search_term_string}"},"query-input":{"@type":"PropertyValueSpecification","valueRequired":true,"valueName":"search_term_string"}}],"inLanguage":"en-CA"}]}},"_links":{"self":[{"href":"https:\/\/constructionsboivin.com\/en\/wp-json\/wp\/v2\/pages\/3192","targetHints":{"allow":["GET"]}}],"collection":[{"href":"https:\/\/constructionsboivin.com\/en\/wp-json\/wp\/v2\/pages"}],"about":[{"href":"https:\/\/constructionsboivin.com\/en\/wp-json\/wp\/v2\/types\/page"}],"author":[{"embeddable":true,"href":"https:\/\/constructionsboivin.com\/en\/wp-json\/wp\/v2\/users\/2"}],"replies":[{"embeddable":true,"href":"https:\/\/constructionsboivin.com\/en\/wp-json\/wp\/v2\/comments?post=3192"}],"version-history":[{"count":3,"href":"https:\/\/constructionsboivin.com\/en\/wp-json\/wp\/v2\/pages\/3192\/revisions"}],"predecessor-version":[{"id":3235,"href":"https:\/\/constructionsboivin.com\/en\/wp-json\/wp\/v2\/pages\/3192\/revisions\/3235"}],"up":[{"embeddable":true,"href":"https:\/\/constructionsboivin.com\/en\/wp-json\/wp\/v2\/pages\/3184"}],"wp:attachment":[{"href":"https:\/\/constructionsboivin.com\/en\/wp-json\/wp\/v2\/media?parent=3192"}],"curies":[{"name":"wp","href":"https:\/\/api.w.org\/{rel}","templated":true}]}}