{"id":3883,"date":"2023-11-14T11:14:10","date_gmt":"2023-11-14T16:14:10","guid":{"rendered":"https:\/\/constructionsboivin.com\/privacy-policy\/"},"modified":"2023-11-14T11:36:58","modified_gmt":"2023-11-14T16:36:58","slug":"privacy-policy","status":"publish","type":"page","link":"https:\/\/constructionsboivin.com\/en\/privacy-policy\/","title":{"rendered":"Privacy policy"},"content":{"rendered":"\n<h2 class=\"wp-block-heading\">Contact information for the Privacy Officer<\/h2>\n\n<p>If you have any questions or concerns about the processing or updating of your personal information, please contact us, by e-mail at pierre@constructionsboivin.com or by telephone at 1 450 931-2121.<\/p>\n\n<p>The Privacy Officer will contact you within 30 days of receiving your e-mail.<\/p>\n\n<h2 class=\"wp-block-heading\">Sharing your personal information<\/h2>\n\n<p>In order to provide you with the products and services you have requested, we may transmit your personal information to trusted third parties, in particular Google Analytics.<\/p>\n\n<h2 class=\"wp-block-heading\">Links to other websites<\/h2>\n\n<p>From time to time, our Web site may provide hyperlinks to other sites. Information exchanged on these sites is not subject to this Privacy Policy, but to those of the external sites concerned, if any. In such cases, we invite you to consult them before disclosing your personal information.<\/p>\n\n<h2 class=\"wp-block-heading\">Retention periods<\/h2>\n\n<p>Your personal information will be kept only for the time necessary to fulfil the purposes for which it was collected, unless a longer retention period is required or permitted by law.<\/p>\n\n<h2 class=\"wp-block-heading\">Access to your personal information<\/h2>\n\n<p>Once you have been properly identified, you may request access to the personal information we hold about you, as permitted or required by law. In some cases, a written request from you may be required.<\/p>\n\n<h2 class=\"wp-block-heading\">Accuracy and modification of your personal information<\/h2>\n\n<p>If there are any changes to be made to your personal information, it is preferable to contact us promptly by telephone or e-mail in order to keep your file and our databases up to date.<\/p>\n\n<p>Date of last update: November 14, 2023<\/p>\n","protected":false},"excerpt":{"rendered":"<p>Contact information for the Privacy Officer If you have any questions or concerns about the processing or updating of your personal information, please contact us, by e-mail at pierre@constructionsboivin.com or by telephone at 1 450 931-2121. The Privacy Officer will contact you within 30 days of receiving your e-mail. Sharing your personal information In order&hellip;<\/p>\n","protected":false},"author":2,"featured_media":0,"parent":0,"menu_order":0,"comment_status":"closed","ping_status":"closed","template":"","meta":{"_acf_changed":false,"footnotes":""},"class_list":["post-3883","page","type-page","status-publish","hentry"],"acf":[],"yoast_head":"<!-- This site is optimized with the Yoast SEO plugin v27.4 - https:\/\/yoast.com\/product\/yoast-seo-wordpress\/ -->\n<title>Privacy policy - Constructions Boivin<\/title>\n<meta name=\"robots\" content=\"index, follow, max-snippet:-1, max-image-preview:large, max-video-preview:-1\" \/>\n<link rel=\"canonical\" href=\"https:\/\/constructionsboivin.com\/en\/privacy-policy\/\" \/>\n<meta property=\"og:locale\" content=\"en_US\" \/>\n<meta property=\"og:type\" content=\"article\" \/>\n<meta property=\"og:title\" content=\"Privacy policy - Constructions Boivin\" \/>\n<meta property=\"og:description\" content=\"Contact information for the Privacy Officer If you have any questions or concerns about the processing or updating of your personal information, please contact us, by e-mail at pierre@constructionsboivin.com or by telephone at 1 450 931-2121. The Privacy Officer will contact you within 30 days of receiving your e-mail. Sharing your personal information In order&hellip;\" \/>\n<meta property=\"og:url\" content=\"https:\/\/constructionsboivin.com\/en\/privacy-policy\/\" \/>\n<meta property=\"og:site_name\" content=\"Constructions Boivin\" \/>\n<meta property=\"article:publisher\" content=\"https:\/\/www.facebook.com\/lesconstructionsboivin\/\" \/>\n<meta property=\"article:modified_time\" content=\"2023-11-14T16:36:58+00:00\" \/>\n<meta property=\"og:image\" content=\"https:\/\/constructionsboivin.com\/wp-content\/uploads\/2018\/05\/Facebook-Boivin.jpg\" \/>\n\t<meta property=\"og:image:width\" content=\"1200\" \/>\n\t<meta property=\"og:image:height\" content=\"630\" \/>\n\t<meta property=\"og:image:type\" content=\"image\/jpeg\" \/>\n<meta name=\"twitter:card\" content=\"summary_large_image\" \/>\n<meta name=\"twitter:label1\" content=\"Est. reading time\" \/>\n\t<meta name=\"twitter:data1\" content=\"1 minute\" \/>\n<script type=\"application\/ld+json\" class=\"yoast-schema-graph\">{\"@context\":\"https:\\\/\\\/schema.org\",\"@graph\":[{\"@type\":\"WebPage\",\"@id\":\"https:\\\/\\\/constructionsboivin.com\\\/en\\\/privacy-policy\\\/\",\"url\":\"https:\\\/\\\/constructionsboivin.com\\\/en\\\/privacy-policy\\\/\",\"name\":\"Privacy policy - Constructions Boivin\",\"isPartOf\":{\"@id\":\"https:\\\/\\\/constructionsboivin.com\\\/en\\\/#website\"},\"datePublished\":\"2023-11-14T16:14:10+00:00\",\"dateModified\":\"2023-11-14T16:36:58+00:00\",\"breadcrumb\":{\"@id\":\"https:\\\/\\\/constructionsboivin.com\\\/en\\\/privacy-policy\\\/#breadcrumb\"},\"inLanguage\":\"en-CA\",\"potentialAction\":[{\"@type\":\"ReadAction\",\"target\":[\"https:\\\/\\\/constructionsboivin.com\\\/en\\\/privacy-policy\\\/\"]}]},{\"@type\":\"BreadcrumbList\",\"@id\":\"https:\\\/\\\/constructionsboivin.com\\\/en\\\/privacy-policy\\\/#breadcrumb\",\"itemListElement\":[{\"@type\":\"ListItem\",\"position\":1,\"name\":\"Accueil\",\"item\":\"https:\\\/\\\/constructionsboivin.com\\\/en\\\/\"},{\"@type\":\"ListItem\",\"position\":2,\"name\":\"Privacy policy\"}]},{\"@type\":\"WebSite\",\"@id\":\"https:\\\/\\\/constructionsboivin.com\\\/en\\\/#website\",\"url\":\"https:\\\/\\\/constructionsboivin.com\\\/en\\\/\",\"name\":\"Constructions Boivin\",\"description\":\"Des g\u00e9n\u00e9rations de b\u00e2tisseurs\",\"potentialAction\":[{\"@type\":\"SearchAction\",\"target\":{\"@type\":\"EntryPoint\",\"urlTemplate\":\"https:\\\/\\\/constructionsboivin.com\\\/en\\\/?s={search_term_string}\"},\"query-input\":{\"@type\":\"PropertyValueSpecification\",\"valueRequired\":true,\"valueName\":\"search_term_string\"}}],\"inLanguage\":\"en-CA\"}]}<\/script>\n<!-- \/ Yoast SEO plugin. -->","yoast_head_json":{"title":"Privacy policy - Constructions Boivin","robots":{"index":"index","follow":"follow","max-snippet":"max-snippet:-1","max-image-preview":"max-image-preview:large","max-video-preview":"max-video-preview:-1"},"canonical":"https:\/\/constructionsboivin.com\/en\/privacy-policy\/","og_locale":"en_US","og_type":"article","og_title":"Privacy policy - Constructions Boivin","og_description":"Contact information for the Privacy Officer If you have any questions or concerns about the processing or updating of your personal information, please contact us, by e-mail at pierre@constructionsboivin.com or by telephone at 1 450 931-2121. The Privacy Officer will contact you within 30 days of receiving your e-mail. Sharing your personal information In order&hellip;","og_url":"https:\/\/constructionsboivin.com\/en\/privacy-policy\/","og_site_name":"Constructions Boivin","article_publisher":"https:\/\/www.facebook.com\/lesconstructionsboivin\/","article_modified_time":"2023-11-14T16:36:58+00:00","og_image":[{"width":1200,"height":630,"url":"https:\/\/constructionsboivin.com\/wp-content\/uploads\/2018\/05\/Facebook-Boivin.jpg","type":"image\/jpeg"}],"twitter_card":"summary_large_image","twitter_misc":{"Est. reading time":"1 minute"},"schema":{"@context":"https:\/\/schema.org","@graph":[{"@type":"WebPage","@id":"https:\/\/constructionsboivin.com\/en\/privacy-policy\/","url":"https:\/\/constructionsboivin.com\/en\/privacy-policy\/","name":"Privacy policy - Constructions Boivin","isPartOf":{"@id":"https:\/\/constructionsboivin.com\/en\/#website"},"datePublished":"2023-11-14T16:14:10+00:00","dateModified":"2023-11-14T16:36:58+00:00","breadcrumb":{"@id":"https:\/\/constructionsboivin.com\/en\/privacy-policy\/#breadcrumb"},"inLanguage":"en-CA","potentialAction":[{"@type":"ReadAction","target":["https:\/\/constructionsboivin.com\/en\/privacy-policy\/"]}]},{"@type":"BreadcrumbList","@id":"https:\/\/constructionsboivin.com\/en\/privacy-policy\/#breadcrumb","itemListElement":[{"@type":"ListItem","position":1,"name":"Accueil","item":"https:\/\/constructionsboivin.com\/en\/"},{"@type":"ListItem","position":2,"name":"Privacy policy"}]},{"@type":"WebSite","@id":"https:\/\/constructionsboivin.com\/en\/#website","url":"https:\/\/constructionsboivin.com\/en\/","name":"Constructions Boivin","description":"Des g\u00e9n\u00e9rations de b\u00e2tisseurs","potentialAction":[{"@type":"SearchAction","target":{"@type":"EntryPoint","urlTemplate":"https:\/\/constructionsboivin.com\/en\/?s={search_term_string}"},"query-input":{"@type":"PropertyValueSpecification","valueRequired":true,"valueName":"search_term_string"}}],"inLanguage":"en-CA"}]}},"_links":{"self":[{"href":"https:\/\/constructionsboivin.com\/en\/wp-json\/wp\/v2\/pages\/3883","targetHints":{"allow":["GET"]}}],"collection":[{"href":"https:\/\/constructionsboivin.com\/en\/wp-json\/wp\/v2\/pages"}],"about":[{"href":"https:\/\/constructionsboivin.com\/en\/wp-json\/wp\/v2\/types\/page"}],"author":[{"embeddable":true,"href":"https:\/\/constructionsboivin.com\/en\/wp-json\/wp\/v2\/users\/2"}],"replies":[{"embeddable":true,"href":"https:\/\/constructionsboivin.com\/en\/wp-json\/wp\/v2\/comments?post=3883"}],"version-history":[{"count":1,"href":"https:\/\/constructionsboivin.com\/en\/wp-json\/wp\/v2\/pages\/3883\/revisions"}],"predecessor-version":[{"id":3884,"href":"https:\/\/constructionsboivin.com\/en\/wp-json\/wp\/v2\/pages\/3883\/revisions\/3884"}],"wp:attachment":[{"href":"https:\/\/constructionsboivin.com\/en\/wp-json\/wp\/v2\/media?parent=3883"}],"curies":[{"name":"wp","href":"https:\/\/api.w.org\/{rel}","templated":true}]}}